{"id":1422,"date":"2020-02-23T00:30:20","date_gmt":"2020-02-23T00:30:20","guid":{"rendered":"http:\/\/192.168.0.112\/?page_id=1422"},"modified":"2020-06-04T12:10:32","modified_gmt":"2020-06-04T12:10:32","slug":"sustine-ne","status":"publish","type":"page","link":"https:\/\/wearevanner.com\/en\/sustine-ne\/","title":{"rendered":"Sus\u021bine-ne"},"content":{"rendered":"<p>[vc_row full_height=&#8221;yes&#8221; columns_placement=&#8221;top&#8221; equal_height=&#8221;yes&#8221; content_placement=&#8221;middle&#8221;][vc_column][mkdf_info_box appear_animation=&#8221;yes&#8221; title_tag=&#8221;h4&#8243; title_width=&#8221;narrow&#8221; button_target=&#8221;_blank&#8221; button_skin=&#8221;light&#8221; image=&#8221;2596&#8243; button_text=&#8221;Sus\u021bine-ne Aici&#8221; button_link=&#8221;https:\/\/redirectioneaza.ro\/wearevanner\/doilasuta&#8221; title=&#8221;Ajut\u0103-ne s\u0103 mergem mai departe complet\u00e2nd acest formular.&#8221; title_color=&#8221;#ffffff&#8221;][\/vc_column][\/vc_row]<\/p>\n","protected":false},"excerpt":{"rendered":"<p>[vc_row full_height=&#8221;yes&#8221; columns_placement=&#8221;top&#8221; equal_height=&#8221;yes&#8221; content_placement=&#8221;middle&#8221;][vc_column][mkdf_info_box appear_animation=&#8221;yes&#8221; title_tag=&#8221;h4&#8243; title_width=&#8221;narrow&#8221; button_target=&#8221;_blank&#8221; button_skin=&#8221;light&#8221; image=&#8221;2596&#8243; button_text=&#8221;Sus\u021bine-ne Aici&#8221; button_link=&#8221;https:\/\/redirectioneaza.ro\/wearevanner\/doilasuta&#8221; title=&#8221;Ajut\u0103-ne s\u0103 mergem mai departe complet\u00e2nd acest formular.&#8221; title_color=&#8221;#ffffff&#8221;][\/vc_column][\/vc_row]<\/p>\n","protected":false},"author":2,"featured_media":0,"parent":0,"menu_order":0,"comment_status":"closed","ping_status":"closed","template":"","meta":{"_acf_changed":false,"footnotes":""},"show-type":[],"team-member":[],"class_list":["post-1422","page","type-page","status-publish","hentry"],"acf":[],"_links":{"self":[{"href":"https:\/\/wearevanner.com\/en\/wp-json\/wp\/v2\/pages\/1422","targetHints":{"allow":["GET"]}}],"collection":[{"href":"https:\/\/wearevanner.com\/en\/wp-json\/wp\/v2\/pages"}],"about":[{"href":"https:\/\/wearevanner.com\/en\/wp-json\/wp\/v2\/types\/page"}],"author":[{"embeddable":true,"href":"https:\/\/wearevanner.com\/en\/wp-json\/wp\/v2\/users\/2"}],"replies":[{"embeddable":true,"href":"https:\/\/wearevanner.com\/en\/wp-json\/wp\/v2\/comments?post=1422"}],"version-history":[{"count":12,"href":"https:\/\/wearevanner.com\/en\/wp-json\/wp\/v2\/pages\/1422\/revisions"}],"predecessor-version":[{"id":2602,"href":"https:\/\/wearevanner.com\/en\/wp-json\/wp\/v2\/pages\/1422\/revisions\/2602"}],"wp:attachment":[{"href":"https:\/\/wearevanner.com\/en\/wp-json\/wp\/v2\/media?parent=1422"}],"wp:term":[{"taxonomy":"show-type","embeddable":true,"href":"https:\/\/wearevanner.com\/en\/wp-json\/wp\/v2\/show-type?post=1422"},{"taxonomy":"team-member","embeddable":true,"href":"https:\/\/wearevanner.com\/en\/wp-json\/wp\/v2\/team-member?post=1422"}],"curies":[{"name":"wp","href":"https:\/\/api.w.org\/{rel}","templated":true}]}}