{"id":1487,"date":"2020-02-23T08:02:35","date_gmt":"2020-02-23T08:02:35","guid":{"rendered":"http:\/\/192.168.0.112\/?page_id=1487"},"modified":"2020-02-23T08:02:36","modified_gmt":"2020-02-23T08:02:36","slug":"interrobang","status":"publish","type":"page","link":"https:\/\/wearevanner.com\/en\/interrobang\/","title":{"rendered":"INTERROBANG"},"content":{"rendered":"<p><strong>What? Interrobang<\/strong>\u00a0is the story of a couple in which each partner tries to be the best match for the other. Too much.<\/p>\n\n\n\n<p><em>\u201cWe are not bad people. We're OK, you know, a little unbalanced, but we're OK. I'm a bit much. I know. But I'm not a bad person, so what bullshit.\u201d<\/em><\/p>\n\n\n\n<p><strong>Who?<\/strong> Olivia Bromley (actress\/author), Nic McQuillan (actor\/author), Crissy O\u2019 Donovan (author\/director)<\/p>\n\n\n\n<p><strong>Currently:\u00a0<\/strong>The first performance was successfully staged at The Arts Theatre, West End. It is being revived from September and will be performed again from next year...<\/p>","protected":false},"excerpt":{"rendered":"<p>Ce? Interrobang\u00a0este povestea unui cuplu \u00een care fiecare partener \u00eencearc\u0103 s\u0103 fie c\u00e2t mai potrivit pentru cel\u0103lalt. Prea mult. \u201cNu suntem oameni r\u0103i. Suntem OK, \u00een\u021belegi, un pic dezechilibra\u021bi, dar suntem OK. Sunt un pic cam mult. \u0218tiu. Dar nu [&hellip;]<\/p>\n","protected":false},"author":2,"featured_media":1485,"parent":0,"menu_order":0,"comment_status":"closed","ping_status":"closed","template":"","meta":{"_acf_changed":false,"footnotes":""},"show-type":[],"team-member":[],"class_list":["post-1487","page","type-page","status-publish","has-post-thumbnail","hentry"],"acf":[],"_links":{"self":[{"href":"https:\/\/wearevanner.com\/en\/wp-json\/wp\/v2\/pages\/1487","targetHints":{"allow":["GET"]}}],"collection":[{"href":"https:\/\/wearevanner.com\/en\/wp-json\/wp\/v2\/pages"}],"about":[{"href":"https:\/\/wearevanner.com\/en\/wp-json\/wp\/v2\/types\/page"}],"author":[{"embeddable":true,"href":"https:\/\/wearevanner.com\/en\/wp-json\/wp\/v2\/users\/2"}],"replies":[{"embeddable":true,"href":"https:\/\/wearevanner.com\/en\/wp-json\/wp\/v2\/comments?post=1487"}],"version-history":[{"count":1,"href":"https:\/\/wearevanner.com\/en\/wp-json\/wp\/v2\/pages\/1487\/revisions"}],"predecessor-version":[{"id":1488,"href":"https:\/\/wearevanner.com\/en\/wp-json\/wp\/v2\/pages\/1487\/revisions\/1488"}],"wp:featuredmedia":[{"embeddable":true,"href":"https:\/\/wearevanner.com\/en\/wp-json\/wp\/v2\/media\/1485"}],"wp:attachment":[{"href":"https:\/\/wearevanner.com\/en\/wp-json\/wp\/v2\/media?parent=1487"}],"wp:term":[{"taxonomy":"show-type","embeddable":true,"href":"https:\/\/wearevanner.com\/en\/wp-json\/wp\/v2\/show-type?post=1487"},{"taxonomy":"team-member","embeddable":true,"href":"https:\/\/wearevanner.com\/en\/wp-json\/wp\/v2\/team-member?post=1487"}],"curies":[{"name":"wp","href":"https:\/\/api.w.org\/{rel}","templated":true}]}}