{"id":1493,"date":"2020-02-23T08:15:55","date_gmt":"2020-02-23T08:15:55","guid":{"rendered":"http:\/\/192.168.0.112\/?page_id=1493"},"modified":"2020-02-23T08:54:26","modified_gmt":"2020-02-23T08:54:26","slug":"ashes-afar","status":"publish","type":"page","link":"https:\/\/wearevanner.com\/en\/ashes-afar\/","title":{"rendered":"ASHES AFAR"},"content":{"rendered":"<p><strong>What?<\/strong>&nbsp;A couple. A suitcase. A lost game. A memory playing tricks. When Aine loses her memory, Mikhail invents a form of therapy to get her to get it back. But therapy with the man you love can be a funny game. What happens when the rules change? <\/p>\n\n\n\n<p>Ashes Afar touches social-political themes with bitter humor. <\/p>\n\n\n\n<p>Follow the lives of this young immigrant couple as they unfold in a fractured story of memory, love and loss. <\/p>\n\n\n\n<p>A Romanian-Irish collaboration in the UK.<\/p>\n\n\n\n<p><strong>Who?<\/strong> Crissy O\u2019 Donovan (actor), Liviu Romanescu (actor), Bobi Pricop (director), Andreea Bor\u021bun (writer)<\/p>\n\n\n\n<p><strong>Currently:&nbsp;<\/strong>Ashes Afar premiered at the Edinburgh Fringe Festival 2015, with&nbsp;<a href=\"http:\/\/www.broadwaybaby.com\/shows\/ashes-afar\/707614\">reviews<\/a> 5*. It toured at Undercloud 2015, Godot Cafe and Bucharest Fringe 2015, where it was awarded Best Production, Best Play and Best Actress. <\/p>\n\n\n\n<p><strong>Project supported by:<\/strong><\/p>\n\n\n\n<figure class=\"wp-block-image\"><a href=\"http:\/\/wearevanner.com\/wp-content\/uploads\/2015\/08\/sponsors_vanner.png\"><img decoding=\"async\" width=\"300\" height=\"59\" src=\"http:\/\/wearevanner.com\/wp-content\/uploads\/2015\/08\/sponsors_vanner-300x59.png\" alt=\"sponsors_vanner\" class=\"wp-image-1060\" srcset=\"https:\/\/wearevanner.com\/wp-content\/uploads\/2015\/08\/sponsors_vanner-300x59.png 300w, https:\/\/wearevanner.com\/wp-content\/uploads\/2015\/08\/sponsors_vanner-600x119.png 600w, https:\/\/wearevanner.com\/wp-content\/uploads\/2015\/08\/sponsors_vanner.png 763w\" sizes=\"(max-width: 300px) 100vw, 300px\" \/><\/a><\/figure>\n\n\n\n<p><\/p>\n\n\n\n<figure><iframe src=\"https:\/\/player.vimeo.com\/video\/122918361\" allowfullscreen=\"\"><\/iframe><\/figure>","protected":false},"excerpt":{"rendered":"<p>Ce?&nbsp;Un cuplu. O valiz\u0103. Un joc pierdut. O memorie care joac\u0103 feste. C\u00e2nd Aine \u00ee\u0219i pierde memoria, Mihail inventeaz\u0103 o form\u0103 de terapie pentru a o determina s\u0103 \u0219i-o recapete. Dar terapia cu omul pe care \u00eel iube\u0219ti poate fi [&hellip;]<\/p>\n","protected":false},"author":2,"featured_media":1491,"parent":0,"menu_order":0,"comment_status":"closed","ping_status":"closed","template":"","meta":{"_acf_changed":false,"footnotes":""},"show-type":[],"team-member":[],"class_list":["post-1493","page","type-page","status-publish","has-post-thumbnail","hentry"],"acf":[],"_links":{"self":[{"href":"https:\/\/wearevanner.com\/en\/wp-json\/wp\/v2\/pages\/1493","targetHints":{"allow":["GET"]}}],"collection":[{"href":"https:\/\/wearevanner.com\/en\/wp-json\/wp\/v2\/pages"}],"about":[{"href":"https:\/\/wearevanner.com\/en\/wp-json\/wp\/v2\/types\/page"}],"author":[{"embeddable":true,"href":"https:\/\/wearevanner.com\/en\/wp-json\/wp\/v2\/users\/2"}],"replies":[{"embeddable":true,"href":"https:\/\/wearevanner.com\/en\/wp-json\/wp\/v2\/comments?post=1493"}],"version-history":[{"count":3,"href":"https:\/\/wearevanner.com\/en\/wp-json\/wp\/v2\/pages\/1493\/revisions"}],"predecessor-version":[{"id":1809,"href":"https:\/\/wearevanner.com\/en\/wp-json\/wp\/v2\/pages\/1493\/revisions\/1809"}],"wp:featuredmedia":[{"embeddable":true,"href":"https:\/\/wearevanner.com\/en\/wp-json\/wp\/v2\/media\/1491"}],"wp:attachment":[{"href":"https:\/\/wearevanner.com\/en\/wp-json\/wp\/v2\/media?parent=1493"}],"wp:term":[{"taxonomy":"show-type","embeddable":true,"href":"https:\/\/wearevanner.com\/en\/wp-json\/wp\/v2\/show-type?post=1493"},{"taxonomy":"team-member","embeddable":true,"href":"https:\/\/wearevanner.com\/en\/wp-json\/wp\/v2\/team-member?post=1493"}],"curies":[{"name":"wp","href":"https:\/\/api.w.org\/{rel}","templated":true}]}}