{"id":3075,"date":"2023-05-08T15:45:27","date_gmt":"2023-05-08T15:45:27","guid":{"rendered":"https:\/\/wearevanner.com\/?page_id=3075"},"modified":"2023-08-09T21:05:28","modified_gmt":"2023-08-09T21:05:28","slug":"profesor","status":"publish","type":"page","link":"https:\/\/wearevanner.com\/en\/profesor\/","title":{"rendered":"Ateliere Profesori"},"content":{"rendered":"<p>[vc_row][vc_column][vc_column_text]<\/p>\n<div>\n<p>ATELIER DEDICAT PROFESORILOR DIN ALEXANDRIA \u0218I \u00ceMPREJURIMI<\/p>\n<p>&nbsp;<\/p>\n<p><strong>5 &amp; 6 septembrie 2023<\/strong><\/p>\n<div>\n<p>2 zile, 10 de profesori<\/p>\n<p>termen limit\u0103 \u00eenscrieri: 3 SEPTEMBRIE<\/p>\n<p>*locurile se ocup\u0103 \u00een ordinea \u00eenscrierii<\/p>\n<\/div>\n<p>&nbsp;<\/p>\n<p><strong>Program de lucru<\/strong> &#8211; 10:00 &#8211; 13:00 \/ 14.00 &#8211; 17.00<\/p>\n<p>&nbsp;<\/p>\n<p>UNDE? se va lucra la sediul ROMFRA, Alexandria<\/p>\n<p>CUM m\u0103 \u00eenscriu?<\/p>\n<p>A\u0219tept\u0103m un email la adresa: <strong>profesor@wearevanner.com<\/strong><\/p>\n<p>(!) Locurile se vor ocupa \u00een ordinea \u00eenscrierii. V\u0103 rug\u0103m s\u0103 ne specifica\u021bi NUME, TELEFON DE CONTACT, 2-3 r\u00e2nduri despre MOTIVUL \u00eenscrierii.<\/p>\n<p>&nbsp;<\/p>\n<\/div>\n<div>\n<p><strong>Cu ce e nevoie s\u0103 veni\u021bi<\/strong><\/p>\n<p>Deschiderea \u0219i curiozitatea de a petrece 4 sesiuni (3 ore fiecare) al\u0103turi de al\u021bi profesori, de a dezbate \u0219i explora.<\/p>\n<p><strong>Cu ce venim noi<\/strong><\/p>\n<p>O serie de activit\u0103\u021bi \u0219i instrumente de lucru aplicat, \u00eentr-un mediu de lucru c\u00e2t se poate de relaxat.<\/p>\n<p><strong>C\u00e2t cost\u0103?<\/strong><\/p>\n<p>Sesiunile sunt gratuite.<\/p>\n<\/div>\n<p>&nbsp;<\/p>\n<p class=\"_04xlpA direction-ltr align-justify para-style-body\"><strong><span class=\"WdYUQQ text-decoration-none text-strikethrough-none\">Scurt\u0103 prezentare<\/span><\/strong><\/p>\n<p class=\"_04xlpA direction-ltr align-justify para-style-body\"><span class=\"WdYUQQ text-decoration-none text-strikethrough-none\">Ultimii ani au adus schimb\u0103ri, au ap\u0103rut contexte noi, fie la munc\u0103, fie \u00een via\u021ba personal\u0103.<\/span> <span class=\"WdYUQQ text-decoration-none text-strikethrough-none\">Timpul, miza \u0219i presiunea sunt resim\u021bite mereu.<\/span><\/p>\n<p class=\"_04xlpA direction-ltr align-justify para-style-body\"><span class=\"WdYUQQ text-decoration-none text-strikethrough-none\">V\u0103 invit\u0103m la 2 zile de \u00eent\u00e2lniri \u00een care, pornind de la instrumente de <strong>\u00een\u021belegere a dinamiciilor \u0219i nevoilor<\/strong> personale, ve\u021bi dob\u00e2ndi cuno\u0219tii\u021be despre <strong>cum pute\u021bi gestiona situa\u021bii tensionate<\/strong>, o mai bun\u0103 \u00een\u021belegere a propriilor <strong>puncte forte<\/strong> \u0219i cum v\u0103 pute\u021bi folosi resursele pentru a atinge scopul dorit.<\/span><\/p>\n<p class=\"_04xlpA direction-ltr align-justify para-style-body\"><span class=\"WdYUQQ text-decoration-none text-strikethrough-none\">Vor fi 2 zile dinamice de discu\u021bii, instrumente de \u00eenv\u0103\u021bare \u0219i jocuri. Vom urm\u0103ri cre\u0219terea motiva\u021biei, identificarea nevoilor, o mai bun\u0103 cunoa\u0219tere de sine \u0219i lucrul \u00een echip\u0103. Vom testa mindset-ul\/atitudinea fa\u021b\u0103 de NOU, SOLU\u021aII, ATUURI \u0219i \u00ceNCREDERE. \u00cempreun\u0103.<\/span><\/p>\n<p>&nbsp;<\/p>\n<p>&nbsp;<\/p>\n<pre style=\"text-align: left;\"><em>* Proiect cultural co-finan\u021bat de AFCN.<\/em>\r\n<em>** Proiectul nu reprezint\u0103 \u00een mod necesar pozi\u021bia administra\u021biei fondului cultural na\u021bional. AFCN nu este responsabil\u0103 de con\u021binutul proiectului sau de modul \u00een care rezultatele proiectului pot fi folosite. Acestea sunt \u00een \u00eentregime responsabilitea beneficiarului finan\u021b\u0103rii.<\/em><\/pre>\n<p>[\/vc_column_text][\/vc_column][vc_column][\/vc_column][\/vc_row][vc_row][vc_column][\/vc_column][\/vc_row][vc_row][vc_column][\/vc_column][\/vc_row]<\/p>\n","protected":false},"excerpt":{"rendered":"<p>[vc_row][vc_column][vc_column_text] ATELIER DEDICAT PROFESORILOR DIN ALEXANDRIA \u0218I \u00ceMPREJURIMI &nbsp; 5 &amp; 6 septembrie 2023 2 zile, 10 de profesori termen limit\u0103 \u00eenscrieri: 3 SEPTEMBRIE *locurile se ocup\u0103 \u00een ordinea \u00eenscrierii &nbsp; Program de lucru &#8211; 10:00 &#8211; 13:00 \/ 14.00 [&hellip;]<\/p>\n","protected":false},"author":3,"featured_media":0,"parent":0,"menu_order":0,"comment_status":"closed","ping_status":"closed","template":"","meta":{"_acf_changed":false,"footnotes":""},"show-type":[],"team-member":[],"class_list":["post-3075","page","type-page","status-publish","hentry"],"acf":[],"_links":{"self":[{"href":"https:\/\/wearevanner.com\/en\/wp-json\/wp\/v2\/pages\/3075","targetHints":{"allow":["GET"]}}],"collection":[{"href":"https:\/\/wearevanner.com\/en\/wp-json\/wp\/v2\/pages"}],"about":[{"href":"https:\/\/wearevanner.com\/en\/wp-json\/wp\/v2\/types\/page"}],"author":[{"embeddable":true,"href":"https:\/\/wearevanner.com\/en\/wp-json\/wp\/v2\/users\/3"}],"replies":[{"embeddable":true,"href":"https:\/\/wearevanner.com\/en\/wp-json\/wp\/v2\/comments?post=3075"}],"version-history":[{"count":19,"href":"https:\/\/wearevanner.com\/en\/wp-json\/wp\/v2\/pages\/3075\/revisions"}],"predecessor-version":[{"id":3080,"href":"https:\/\/wearevanner.com\/en\/wp-json\/wp\/v2\/pages\/3075\/revisions\/3080"}],"wp:attachment":[{"href":"https:\/\/wearevanner.com\/en\/wp-json\/wp\/v2\/media?parent=3075"}],"wp:term":[{"taxonomy":"show-type","embeddable":true,"href":"https:\/\/wearevanner.com\/en\/wp-json\/wp\/v2\/show-type?post=3075"},{"taxonomy":"team-member","embeddable":true,"href":"https:\/\/wearevanner.com\/en\/wp-json\/wp\/v2\/team-member?post=3075"}],"curies":[{"name":"wp","href":"https:\/\/api.w.org\/{rel}","templated":true}]}}