{"id":5583,"date":"2024-09-17T12:35:55","date_gmt":"2024-09-17T12:35:55","guid":{"rendered":"https:\/\/wearevanner.com\/?page_id=5583"},"modified":"2024-09-17T18:59:33","modified_gmt":"2024-09-17T18:59:33","slug":"fluid-1","status":"publish","type":"page","link":"https:\/\/wearevanner.com\/en\/sa-cunosti-lumea\/fluid-1\/","title":{"rendered":"Sa-cunosti-lumea #2"},"content":{"rendered":"\t\t<div data-elementor-type=\"wp-page\" data-elementor-id=\"5583\" class=\"elementor elementor-5583\" data-elementor-post-type=\"page\">\n\t\t\t\t<div class=\"elementor-element elementor-element-f3448f3 e-con-full e-flex e-con e-parent\" data-id=\"f3448f3\" data-element_type=\"container\" data-e-type=\"container\" data-settings=\"{&quot;background_background&quot;:&quot;classic&quot;}\">\n\t\t<div class=\"elementor-element elementor-element-3234f6e e-con-full e-flex e-con e-child\" data-id=\"3234f6e\" data-element_type=\"container\" data-e-type=\"container\">\n\t\t\t\t<div class=\"elementor-element elementor-element-a946baa elementor-widget elementor-widget-image\" data-id=\"a946baa\" data-element_type=\"widget\" data-e-type=\"widget\" data-widget_type=\"image.default\">\n\t\t\t\t<div class=\"elementor-widget-container\">\n\t\t\t\t\t\t\t\t\t\t\t\t\t\t\t<img fetchpriority=\"high\" decoding=\"async\" width=\"1536\" height=\"806\" src=\"https:\/\/wearevanner.com\/wp-content\/uploads\/2024\/07\/SMFb_1920x1005px-e1722434331283-1536x806.png\" class=\"attachment-1536x1536 size-1536x1536 wp-image-5469\" alt=\"\" srcset=\"https:\/\/wearevanner.com\/wp-content\/uploads\/2024\/07\/SMFb_1920x1005px-e1722434331283-1536x806.png 1536w, https:\/\/wearevanner.com\/wp-content\/uploads\/2024\/07\/SMFb_1920x1005px-e1722434331283-300x157.png 300w, https:\/\/wearevanner.com\/wp-content\/uploads\/2024\/07\/SMFb_1920x1005px-e1722434331283-1024x537.png 1024w, https:\/\/wearevanner.com\/wp-content\/uploads\/2024\/07\/SMFb_1920x1005px-e1722434331283-768x403.png 768w, https:\/\/wearevanner.com\/wp-content\/uploads\/2024\/07\/SMFb_1920x1005px-e1722434331283.png 1913w\" sizes=\"(max-width: 1536px) 100vw, 1536px\" \/>\t\t\t\t\t\t\t\t\t\t\t\t\t\t\t<\/div>\n\t\t\t\t<\/div>\n\t\t\t\t<\/div>\n\t\t\t\t<\/div>\n\t\t<div class=\"elementor-element elementor-element-d98b182 e-flex e-con-boxed e-con e-parent\" data-id=\"d98b182\" data-element_type=\"container\" data-e-type=\"container\">\n\t\t\t\t\t<div class=\"e-con-inner\">\n\t\t<div class=\"elementor-element elementor-element-e74178d e-con-full e-flex e-con e-child\" data-id=\"e74178d\" data-element_type=\"container\" data-e-type=\"container\" data-settings=\"{&quot;background_background&quot;:&quot;classic&quot;}\">\n\t\t<div class=\"elementor-element elementor-element-ceb160f e-con-full e-flex e-con e-child\" data-id=\"ceb160f\" data-element_type=\"container\" data-e-type=\"container\">\n\t\t<div class=\"elementor-element elementor-element-905bc70 e-con-full e-flex e-con e-child\" data-id=\"905bc70\" data-element_type=\"container\" data-e-type=\"container\">\n\t\t\t\t<div class=\"elementor-element elementor-element-92cb763 elementor-widget elementor-widget-heading\" data-id=\"92cb763\" data-element_type=\"widget\" data-e-type=\"widget\" data-widget_type=\"heading.default\">\n\t\t\t\t<div class=\"elementor-widget-container\">\n\t\t\t\t\t<h3 class=\"elementor-heading-title elementor-size-default\">Fotografie \u0219i concept<\/h3>\t\t\t\t<\/div>\n\t\t\t\t<\/div>\n\t\t\t\t<div class=\"elementor-element elementor-element-ca7e139 elementor-widget elementor-widget-heading\" data-id=\"ca7e139\" data-element_type=\"widget\" data-e-type=\"widget\" data-widget_type=\"heading.default\">\n\t\t\t\t<div class=\"elementor-widget-container\">\n\t\t\t\t\t<h4 class=\"elementor-heading-title elementor-size-default\">Alina Rotaru<\/h4>\t\t\t\t<\/div>\n\t\t\t\t<\/div>\n\t\t\t\t<\/div>\n\t\t<div class=\"elementor-element elementor-element-5c0bb40 e-con-full e-flex e-con e-child\" data-id=\"5c0bb40\" data-element_type=\"container\" data-e-type=\"container\">\n\t\t\t\t<div class=\"elementor-element elementor-element-2008696 elementor-widget elementor-widget-heading\" data-id=\"2008696\" data-element_type=\"widget\" data-e-type=\"widget\" data-widget_type=\"heading.default\">\n\t\t\t\t<div class=\"elementor-widget-container\">\n\t\t\t\t\t<h3 class=\"elementor-heading-title elementor-size-default\">Instala\u021bie sculptural\u0103<\/h3>\t\t\t\t<\/div>\n\t\t\t\t<\/div>\n\t\t\t\t<div class=\"elementor-element elementor-element-da588d4 elementor-widget elementor-widget-heading\" data-id=\"da588d4\" data-element_type=\"widget\" data-e-type=\"widget\" data-widget_type=\"heading.default\">\n\t\t\t\t<div class=\"elementor-widget-container\">\n\t\t\t\t\t<h4 class=\"elementor-heading-title elementor-size-default\">Cristina Milea<\/h4>\t\t\t\t<\/div>\n\t\t\t\t<\/div>\n\t\t\t\t<\/div>\n\t\t<div class=\"elementor-element elementor-element-9f8b6cc e-con-full e-flex e-con e-child\" data-id=\"9f8b6cc\" data-element_type=\"container\" data-e-type=\"container\">\n\t\t\t\t<div class=\"elementor-element elementor-element-e751274 elementor-widget elementor-widget-heading\" data-id=\"e751274\" data-element_type=\"widget\" data-e-type=\"widget\" data-widget_type=\"heading.default\">\n\t\t\t\t<div class=\"elementor-widget-container\">\n\t\t\t\t\t<h3 class=\"elementor-heading-title elementor-size-default\">Curator<\/h3>\t\t\t\t<\/div>\n\t\t\t\t<\/div>\n\t\t\t\t<div class=\"elementor-element elementor-element-5687b45 elementor-widget elementor-widget-heading\" data-id=\"5687b45\" data-element_type=\"widget\" data-e-type=\"widget\" data-widget_type=\"heading.default\">\n\t\t\t\t<div class=\"elementor-widget-container\">\n\t\t\t\t\t<h4 class=\"elementor-heading-title elementor-size-default\">Denisa Nicolae<\/h4>\t\t\t\t<\/div>\n\t\t\t\t<\/div>\n\t\t\t\t<\/div>\n\t\t<div class=\"elementor-element elementor-element-2d9aa33 e-con-full e-flex e-con e-child\" data-id=\"2d9aa33\" data-element_type=\"container\" data-e-type=\"container\">\n\t\t\t\t<div class=\"elementor-element elementor-element-aeef6da elementor-widget elementor-widget-heading\" data-id=\"aeef6da\" data-element_type=\"widget\" data-e-type=\"widget\" data-widget_type=\"heading.default\">\n\t\t\t\t<div class=\"elementor-widget-container\">\n\t\t\t\t\t<h3 class=\"elementor-heading-title elementor-size-default\">VIDEO<\/h3>\t\t\t\t<\/div>\n\t\t\t\t<\/div>\n\t\t\t\t<div class=\"elementor-element elementor-element-52200da elementor-widget elementor-widget-heading\" data-id=\"52200da\" data-element_type=\"widget\" data-e-type=\"widget\" data-widget_type=\"heading.default\">\n\t\t\t\t<div class=\"elementor-widget-container\">\n\t\t\t\t\t<h4 class=\"elementor-heading-title elementor-size-default\">George Rotaru \u0219i Cristi Oprea<\/h4>\t\t\t\t<\/div>\n\t\t\t\t<\/div>\n\t\t\t\t<\/div>\n\t\t\t\t<\/div>\n\t\t<div class=\"elementor-element elementor-element-887a9f1 e-con-full e-flex e-con e-child\" data-id=\"887a9f1\" data-element_type=\"container\" data-e-type=\"container\" data-settings=\"{&quot;background_background&quot;:&quot;classic&quot;}\">\n\t\t<div class=\"elementor-element elementor-element-1325e3a e-con-full e-flex e-con e-child\" data-id=\"1325e3a\" data-element_type=\"container\" data-e-type=\"container\">\n\t\t\t\t<div class=\"elementor-element elementor-element-e75202f elementor-widget elementor-widget-heading\" data-id=\"e75202f\" data-element_type=\"widget\" data-e-type=\"widget\" data-widget_type=\"heading.default\">\n\t\t\t\t<div class=\"elementor-widget-container\">\n\t\t\t\t\t<h3 class=\"elementor-heading-title elementor-size-default\">Concept fotografii<br><span style=\"font-weight: normal\">Alina Rotaru<\/span><\/h3>\t\t\t\t<\/div>\n\t\t\t\t<\/div>\n\t\t\t\t<div class=\"elementor-element elementor-element-e4ccec2 elementor-widget elementor-widget-text-editor\" data-id=\"e4ccec2\" data-element_type=\"widget\" data-e-type=\"widget\" data-widget_type=\"text-editor.default\">\n\t\t\t\t<div class=\"elementor-widget-container\">\n\t\t\t\t\t\t\t\t\t<p><i><span style=\"font-weight: 400;\">Daca din durere, suferin\u021b\u0103, frustrare \u0219i \u00eensingurare \u00eenv\u0103\u021b s\u0103 m\u0103 REcunosc altfel decat p\u00e2n\u0103 acum, atunci finalitatea devine mai prietenoas\u0103. A\u0219a c\u0103 aleg s\u0103-mi \u00eendrept aten\u021bia c\u0103tre procesul de acum \u0219i m\u0103 opresc asupra a ceea ce este. Perfectibil. Nu perfect.\u00a0<\/span><\/i><\/p><p>\u00a0<\/p><p><i><span style=\"font-weight: 400;\">Am fugit spre perfec\u021biune \u0219i m-am \u00eempiedicat de fantezie. Astfel bucuria lucrului m-a ocolit de multe ori. \u00cens\u0103 pentru c\u0103 via\u021ba este cel pu\u021bin imprevizibil\u0103 \u0219i cel pu\u021bin frumoas\u0103, raportarea asupra ei poate fi educat\u0103. \u0218i am \u00eenceput s\u0103-mi fac loc prin imperfec\u021biune. Am acceptat c\u0103 pot modela dincolo de prejudecat\u0103, \u0219i da, suntem \u00eenconjura\u021bi de varia\u021biuni perfectibile: \u00een art\u0103, \u00een via\u021ba personal\u0103, \u00een via\u021ba social\u0103, \u00een orice.\u00a0<\/span><\/i><\/p><p>\u00a0<\/p><p><i><span style=\"font-weight: 400;\">&#8222;S\u0103 cuno\u0219ti lumea&#8221; este un proiect artistic care \u00eendeamn\u0103 la curiozitate, normalitate, deschidere, introspec\u021bie \u0219i aduce \u00een prim-plan esen\u021ba frumuse\u021bii umane.<\/span><\/i><\/p>\t\t\t\t\t\t\t\t<\/div>\n\t\t\t\t<\/div>\n\t\t\t\t<\/div>\n\t\t<div class=\"elementor-element elementor-element-fbd93df e-con-full e-flex e-con e-child\" data-id=\"fbd93df\" data-element_type=\"container\" data-e-type=\"container\">\n\t\t\t\t<div class=\"elementor-element elementor-element-9c3f850 elementor-widget elementor-widget-heading\" data-id=\"9c3f850\" data-element_type=\"widget\" data-e-type=\"widget\" data-widget_type=\"heading.default\">\n\t\t\t\t<div class=\"elementor-widget-container\">\n\t\t\t\t\t<h3 class=\"elementor-heading-title elementor-size-default\">Cuv\u00e2nt de la curator<br><span style=\"font-weight: normal\">Denisa Nicolae<\/span><\/h3>\t\t\t\t<\/div>\n\t\t\t\t<\/div>\n\t\t<div class=\"elementor-element elementor-element-2aeeba9 e-con-full e-flex e-con e-child\" data-id=\"2aeeba9\" data-element_type=\"container\" data-e-type=\"container\">\n\t\t<div class=\"elementor-element elementor-element-c46ca6e e-flex e-con-boxed e-con e-child\" data-id=\"c46ca6e\" data-element_type=\"container\" data-e-type=\"container\">\n\t\t\t\t\t<div class=\"e-con-inner\">\n\t\t\t\t<div class=\"elementor-element elementor-element-20fa26a elementor-widget elementor-widget-text-editor\" data-id=\"20fa26a\" data-element_type=\"widget\" data-e-type=\"widget\" data-widget_type=\"text-editor.default\">\n\t\t\t\t<div class=\"elementor-widget-container\">\n\t\t\t\t\t\t\t\t\t<p><i><span style=\"font-weight: 400;\">\u201eS\u0103 cuno\u0219ti lumea\u201d poate fi lesne descris ca un proiect de incluziune prin cultur\u0103 \u0219i art\u0103, care pune \u00een lumin\u0103 frumuse\u021bea oamenilor cu dizabilit\u0103\u021bi. Dar cred c\u0103 ar fi insuficient \u0219i nedrept \u0219i ar \u00eemp\u0103r\u021bi iar\u0103\u0219i lumea \u00een categorii.<br \/><br \/><\/span><\/i><\/p><p><i><span style=\"font-weight: 400;\">\u201eS\u0103 cuno\u0219ti lumea\u201d e mai mult de at\u00e2t. Are for\u021ba de a schimba perspective \u0219i mentalit\u0103\u021bi, prin superputerile oamenilor \u00een care ne (re)cunoa\u0219tem, care au acceptat cu dragoste \u0219i vulnerabilitate s\u0103 ni se arate.<br \/><br \/><\/span><\/i><\/p><p><i><span style=\"font-weight: 400;\">\u201eS\u0103 cuno\u0219ti lumea\u201d a devenit un album de experien\u021be cu opere de art\u0103 vii, care ne inspir\u0103 s\u0103 iubim \u0219i s\u0103 tr\u0103im frumos, celebr\u00e2nd zi de zi frumuse\u021bea imperfec\u021biunii.<\/span><\/i><\/p>\t\t\t\t\t\t\t\t<\/div>\n\t\t\t\t<\/div>\n\t\t\t\t\t<\/div>\n\t\t\t\t<\/div>\n\t\t\t\t<div class=\"elementor-element elementor-element-b91c88c elementor-hidden-mobile elementor-view-default elementor-widget elementor-widget-icon\" data-id=\"b91c88c\" data-element_type=\"widget\" data-e-type=\"widget\" data-widget_type=\"icon.default\">\n\t\t\t\t<div class=\"elementor-widget-container\">\n\t\t\t\t\t\t\t<div class=\"elementor-icon-wrapper\">\n\t\t\t<div class=\"elementor-icon\">\n\t\t\t<i aria-hidden=\"true\" class=\"fas fa-quote-left\"><\/i>\t\t\t<\/div>\n\t\t<\/div>\n\t\t\t\t\t\t<\/div>\n\t\t\t\t<\/div>\n\t\t\t\t<\/div>\n\t\t<div class=\"elementor-element elementor-element-6025e83 e-con-full e-flex e-con e-child\" data-id=\"6025e83\" data-element_type=\"container\" data-e-type=\"container\">\n\t\t\t\t<div class=\"elementor-element elementor-element-5308f33 elementor-hidden-mobile elementor-view-default elementor-widget elementor-widget-icon\" data-id=\"5308f33\" data-element_type=\"widget\" data-e-type=\"widget\" data-widget_type=\"icon.default\">\n\t\t\t\t<div class=\"elementor-widget-container\">\n\t\t\t\t\t\t\t<div class=\"elementor-icon-wrapper\">\n\t\t\t<div class=\"elementor-icon\">\n\t\t\t<i aria-hidden=\"true\" class=\"fas fa-quote-left\"><\/i>\t\t\t<\/div>\n\t\t<\/div>\n\t\t\t\t\t\t<\/div>\n\t\t\t\t<\/div>\n\t\t\t\t<\/div>\n\t\t\t\t<\/div>\n\t\t\t\t<\/div>\n\t\t\t\t<\/div>\n\t\t\t\t\t<\/div>\n\t\t\t\t<\/div>\n\t\t<div class=\"elementor-element elementor-element-9c92fc0 e-con-full e-flex e-con e-parent\" data-id=\"9c92fc0\" data-element_type=\"container\" data-e-type=\"container\" id=\"1\">\n\t\t\t\t<div class=\"elementor-element elementor-element-b8d4d41 elementor-widget elementor-widget-html\" data-id=\"b8d4d41\" data-element_type=\"widget\" data-e-type=\"widget\" data-widget_type=\"html.default\">\n\t\t\t\t<div class=\"elementor-widget-container\">\n\t\t\t\t\t<div id=\"player\"><\/div>\n\n<script>\n  \/\/ Load the IFrame Player API asynchronously\n  var tag = document.createElement('script');\n  tag.src = \"https:\/\/www.youtube.com\/iframe_api\";\n  var firstScriptTag = document.getElementsByTagName('script')[0];\n  firstScriptTag.parentNode.insertBefore(tag, firstScriptTag);\n\n  var player;\n  function onYouTubeIframeAPIReady() {\n    player = new YT.Player('player', {\n      height: '780',\n      width: '640',\n      videoId: 'ElWSdcg67RY', \/\/ Replace with your YouTube video ID\n      playerVars: {\n        'autoplay': 0,  \/\/ Autoplay is disabled initially\n        'controls': 1   \/\/ Show player controls\n      }\n    });\n  }\n\n  \/\/ Play the video when the user clicks or taps anywhere on the page\n  document.addEventListener('click', function() {\n    if (player && typeof player.playVideo === 'function') {\n      player.playVideo();\n    }\n  });\n<\/script>\t\t\t\t<\/div>\n\t\t\t\t<\/div>\n\t\t\t\t<div class=\"elementor-element elementor-element-2f07196 elementor-widget elementor-widget-image\" data-id=\"2f07196\" data-element_type=\"widget\" data-e-type=\"widget\" data-widget_type=\"image.default\">\n\t\t\t\t<div class=\"elementor-widget-container\">\n\t\t\t\t\t\t\t\t\t\t\t\t\t\t\t<img decoding=\"async\" width=\"1024\" height=\"320\" src=\"https:\/\/wearevanner.com\/wp-content\/uploads\/2024\/07\/Art1-1024x320.png\" class=\"attachment-large size-large wp-image-5418\" alt=\"\" srcset=\"https:\/\/wearevanner.com\/wp-content\/uploads\/2024\/07\/Art1-1024x320.png 1024w, https:\/\/wearevanner.com\/wp-content\/uploads\/2024\/07\/Art1-300x94.png 300w, https:\/\/wearevanner.com\/wp-content\/uploads\/2024\/07\/Art1-768x240.png 768w, https:\/\/wearevanner.com\/wp-content\/uploads\/2024\/07\/Art1.png 1280w\" sizes=\"(max-width: 1024px) 100vw, 1024px\" \/>\t\t\t\t\t\t\t\t\t\t\t\t\t\t\t<\/div>\n\t\t\t\t<\/div>\n\t\t<div class=\"elementor-element elementor-element-169a8c8 e-con-full e-flex e-con e-child\" data-id=\"169a8c8\" data-element_type=\"container\" data-e-type=\"container\">\n\t\t\t\t<div class=\"elementor-element elementor-element-7942a49 elementor-widget elementor-widget-heading\" data-id=\"7942a49\" data-element_type=\"widget\" data-e-type=\"widget\" data-widget_type=\"heading.default\">\n\t\t\t\t<div class=\"elementor-widget-container\">\n\t\t\t\t\t<h2 class=\"elementor-heading-title elementor-size-default\">Fluid #1<\/h2>\t\t\t\t<\/div>\n\t\t\t\t<\/div>\n\t\t\t\t<div class=\"elementor-element elementor-element-a00ae34 elementor-widget__width-initial elementor-widget elementor-widget-text-editor\" data-id=\"a00ae34\" data-element_type=\"widget\" data-e-type=\"widget\" data-widget_type=\"text-editor.default\">\n\t\t\t\t<div class=\"elementor-widget-container\">\n\t\t\t\t\t\t\t\t\t<p><i><span style=\"font-weight: 400;\">Pe orizontal\u0103, oamenii \u00eencep \u0219i se termin\u0103 la nesf\u00e2r\u0219it.<\/span><\/i><\/p>\t\t\t\t\t\t\t\t<\/div>\n\t\t\t\t<\/div>\n\t\t\t\t<div class=\"elementor-element elementor-element-2e862f2 elementor-widget-divider--view-line elementor-widget elementor-widget-divider\" data-id=\"2e862f2\" data-element_type=\"widget\" data-e-type=\"widget\" data-widget_type=\"divider.default\">\n\t\t\t\t<div class=\"elementor-widget-container\">\n\t\t\t\t\t\t\t<div class=\"elementor-divider\">\n\t\t\t<span class=\"elementor-divider-separator\">\n\t\t\t\t\t\t<\/span>\n\t\t<\/div>\n\t\t\t\t\t\t<\/div>\n\t\t\t\t<\/div>\n\t\t\t\t<\/div>\n\t\t\t\t<\/div>\n\t\t<div class=\"elementor-element elementor-element-0e9fd11 e-flex e-con-boxed e-con e-parent\" data-id=\"0e9fd11\" data-element_type=\"container\" data-e-type=\"container\">\n\t\t\t\t\t<div class=\"e-con-inner\">\n\t\t<div class=\"elementor-element elementor-element-1bfd4ad e-con-full e-flex e-con e-child\" data-id=\"1bfd4ad\" data-element_type=\"container\" data-e-type=\"container\" data-settings=\"{&quot;background_background&quot;:&quot;classic&quot;}\">\n\t\t<div class=\"elementor-element elementor-element-35b341a e-con-full e-flex e-con e-child\" data-id=\"35b341a\" data-element_type=\"container\" data-e-type=\"container\" data-settings=\"{&quot;background_background&quot;:&quot;classic&quot;}\">\n\t\t<div class=\"elementor-element elementor-element-05a7dc7 e-con-full e-flex e-con e-child\" data-id=\"05a7dc7\" data-element_type=\"container\" data-e-type=\"container\">\n\t\t\t\t<div class=\"elementor-element elementor-element-46f004e elementor-widget elementor-widget-heading\" data-id=\"46f004e\" data-element_type=\"widget\" data-e-type=\"widget\" data-widget_type=\"heading.default\">\n\t\t\t\t<div class=\"elementor-widget-container\">\n\t\t\t\t\t<h3 class=\"elementor-heading-title elementor-size-default\">Concept instala\u021bie<br><span style=\"font-weight: normal\">Cristina Milea<\/span><\/h3>\t\t\t\t<\/div>\n\t\t\t\t<\/div>\n\t\t\t\t<div class=\"elementor-element elementor-element-a517bbc elementor-widget elementor-widget-text-editor\" data-id=\"a517bbc\" data-element_type=\"widget\" data-e-type=\"widget\" data-widget_type=\"text-editor.default\">\n\t\t\t\t<div class=\"elementor-widget-container\">\n\t\t\t\t\t\t\t\t\t<p><strong>\u201cEcou \u0219i T\u0103cere\u201d: Dialogul cu Natura<\/strong><\/p><p><span style=\"font-weight: 400;\">* Instalatie work in progress- etapa I<\/span><\/p><p>\u00a0<\/p><p><span style=\"font-weight: 400;\">Instala\u021bia &#8222;Ecou \u0219i T\u0103cere&#8221; este un ansablu de sculpturi-suport, ce exploreaz\u0103 leg\u0103tura profund\u0103 dintre om \u0219i natur\u0103, inspirat\u0103 de copacul Banyan, caruia ii cresc radacinile \u0219i de sus in jos &#8211; conexiunea continu\u0103 dintre cer \u0219i p\u0103m\u00e2nt, spiritual \u0219i material.<\/span><\/p><p>\u00a0<\/p><p><span style=\"font-weight: 400;\">Realizat\u0103 din materiale organice precum miceliu, bambusul \u0219i ipsosul, instala\u021bia \u00eembin\u0103 arta \u0219i sustenabilitatea, oferind privitorilor un spa\u021biu de introspec\u021bie \u0219i con\u0219tientizare.<\/span><\/p>\t\t\t\t\t\t\t\t<\/div>\n\t\t\t\t<\/div>\n\t\t\t\t<\/div>\n\t\t\t\t<\/div>\n\t\t\t\t<\/div>\n\t\t\t\t\t<\/div>\n\t\t\t\t<\/div>\n\t\t\t\t<\/div>\n\t\t","protected":false},"excerpt":{"rendered":"<p>Fotografie \u0219i concept Alina Rotaru Instala\u021bie sculptural\u0103 Cristina Milea Curator Denisa Nicolae VIDEO George Rotaru \u0219i Cristi Oprea Concept fotografiiAlina Rotaru Daca din durere, suferin\u021b\u0103, frustrare \u0219i \u00eensingurare \u00eenv\u0103\u021b s\u0103 m\u0103 REcunosc altfel decat p\u00e2n\u0103 acum, atunci finalitatea devine mai [&hellip;]<\/p>\n","protected":false},"author":5,"featured_media":0,"parent":5379,"menu_order":0,"comment_status":"closed","ping_status":"closed","template":"","meta":{"_acf_changed":false,"footnotes":""},"show-type":[],"team-member":[],"class_list":["post-5583","page","type-page","status-publish","hentry"],"acf":[],"_links":{"self":[{"href":"https:\/\/wearevanner.com\/en\/wp-json\/wp\/v2\/pages\/5583","targetHints":{"allow":["GET"]}}],"collection":[{"href":"https:\/\/wearevanner.com\/en\/wp-json\/wp\/v2\/pages"}],"about":[{"href":"https:\/\/wearevanner.com\/en\/wp-json\/wp\/v2\/types\/page"}],"author":[{"embeddable":true,"href":"https:\/\/wearevanner.com\/en\/wp-json\/wp\/v2\/users\/5"}],"replies":[{"embeddable":true,"href":"https:\/\/wearevanner.com\/en\/wp-json\/wp\/v2\/comments?post=5583"}],"version-history":[{"count":58,"href":"https:\/\/wearevanner.com\/en\/wp-json\/wp\/v2\/pages\/5583\/revisions"}],"predecessor-version":[{"id":5668,"href":"https:\/\/wearevanner.com\/en\/wp-json\/wp\/v2\/pages\/5583\/revisions\/5668"}],"up":[{"embeddable":true,"href":"https:\/\/wearevanner.com\/en\/wp-json\/wp\/v2\/pages\/5379"}],"wp:attachment":[{"href":"https:\/\/wearevanner.com\/en\/wp-json\/wp\/v2\/media?parent=5583"}],"wp:term":[{"taxonomy":"show-type","embeddable":true,"href":"https:\/\/wearevanner.com\/en\/wp-json\/wp\/v2\/show-type?post=5583"},{"taxonomy":"team-member","embeddable":true,"href":"https:\/\/wearevanner.com\/en\/wp-json\/wp\/v2\/team-member?post=5583"}],"curies":[{"name":"wp","href":"https:\/\/api.w.org\/{rel}","templated":true}]}}