{"id":1343,"date":"2020-02-22T22:08:37","date_gmt":"2020-02-22T22:08:37","guid":{"rendered":"http:\/\/192.168.0.112\/?page_id=1343"},"modified":"2020-09-24T08:11:34","modified_gmt":"2020-09-24T08:11:34","slug":"the-collective","status":"publish","type":"page","link":"https:\/\/wearevanner.com\/fr\/about\/about-vanner\/the-collective\/","title":{"rendered":""},"content":{"rendered":"<p>[vc_row full_width=&#8221;stretch_row_content_no_spaces&#8221; full_height=&#8221;yes&#8221; columns_placement=&#8221;top&#8221; equal_height=&#8221;yes&#8221; parallax=&#8221;content-moving-fade&#8221; css_animation=&#8221;none&#8221;][vc_column parallax=&#8221;content-moving-fade&#8221; css_animation=&#8221;none&#8221;][mkdf_single_image enable_image_shadow=&#8221;no&#8221; image=&#8221;2036&#8243;][\/vc_column][\/vc_row][vc_row full_height=&#8221;yes&#8221; equal_height=&#8221;yes&#8221; parallax=&#8221;content-moving-fade&#8221; css_animation=&#8221;none&#8221;][vc_column parallax=&#8221;content-moving-fade&#8221; css_animation=&#8221;none&#8221;][vc_column_text]<\/p>\r\n<h3><strong>THE COLLECTIVE<\/strong><\/h3>\r\n<p>[\/vc_column_text][\/vc_column][vc_column parallax=&#8221;content-moving-fade&#8221; css_animation=&#8221;none&#8221; width=&#8221;1\/2&#8243; css=&#8221;.vc_custom_1591189630720{border-right-width: 1px !important;border-right-style: solid !important;border-radius: 1px !important;}&#8221;][vc_column_text]<!--StartFragment--><\/p>\r\n<p>Vanner is a collective of independent theatre-makers from Romania and Ireland established in the UK in 2014.<\/p>\r\n<p>\r\n\r\nBy developing ideas and innovating artistic projects, we speak to the audience throughout a provocative, fresh, contemporary, and accessible theatre.<\/p>\r\n<p><!-- \/wp:post-content --><!-- \/wp:shortcode -->[\/vc_column_text][\/vc_column][vc_column parallax=&#8221;content-moving-fade&#8221; css_animation=&#8221;none&#8221; width=&#8221;1\/2&#8243; css=&#8221;.vc_custom_1591189639440{margin-left: 20px !important;}&#8221;][vc_column_text]<\/p>\r\n<p>We choose disruptive themes, we isolate the human story, and then we push it its the rawest and most honest point.<\/p>\r\n<p><!-- \/wp:paragraph -->\r\n\r\n<!-- wp:paragraph -->We engage in raising awareness and we want the audience to become part of our community of people always seeking to discover and rediscover themselves and the world.<\/p>\r\n<p>[\/vc_column_text][\/vc_column][\/vc_row][vc_row full_height=&#8221;yes&#8221; columns_placement=&#8221;top&#8221; parallax=&#8221;content-moving-fade&#8221; css_animation=&#8221;none&#8221;][vc_column parallax=&#8221;content-moving-fade&#8221; css_animation=&#8221;none&#8221;][vc_column_text]<\/p>\r\n<p><iframe title=\"We Are Vanner 2020\" src=\"https:\/\/player.vimeo.com\/video\/392299273?dnt=1&amp;app_id=122963\" width=\"1100\" height=\"619\" frameborder=\"0\" allow=\"autoplay; fullscreen\" allowfullscreen><\/iframe><\/p>\r\n<p>[\/vc_column_text][\/vc_column][\/vc_row][vc_row equal_height=&#8221;yes&#8221;][vc_column parallax=&#8221;content-moving-fade&#8221; css_animation=&#8221;none&#8221;][mkdf_tabs][mkdf_tabs_item tab_title=&#8221;Associated Artists&#8221;][mkdf_elements_holder holder_full_height=&#8221;no&#8221; holder_border=&#8221;no&#8221; number_of_columns=&#8221;three-columns&#8221; items_float_left=&#8221;yes&#8221; switch_to_one_column=&#8221;1024&#8243; alignment_one_column=&#8221;left&#8221;][mkdf_elements_holder_item vertical_alignment=&#8221;bottom&#8221;][vc_hoverbox image=&#8221;2098&#8243; primary_title=&#8221;AUGUSTIN KREMSER &#8211; Actor&#8221; primary_align=&#8221;left&#8221; hover_title=&#8221;AUGUSTIN KREMSER &#8211; Actor&#8221; hover_align=&#8221;justify&#8221; shape=&#8221;square&#8221; hover_background_color=&#8221;custom&#8221; align=&#8221;left&#8221;][\/vc_hoverbox][\/mkdf_elements_holder_item][mkdf_elements_holder_item vertical_alignment=&#8221;bottom&#8221;][vc_hoverbox image=&#8221;2075&#8243; primary_title=&#8221;IULIA GRIGORIU &#8211; Director&#8221; primary_align=&#8221;left&#8221; hover_title=&#8221;IULIA GRIGORIU &#8211; Director&#8221; hover_align=&#8221;justify&#8221; shape=&#8221;square&#8221; hover_background_color=&#8221;custom&#8221; align=&#8221;left&#8221;][\/vc_hoverbox][\/mkdf_elements_holder_item][mkdf_elements_holder_item vertical_alignment=&#8221;bottom&#8221;][vc_hoverbox image=&#8221;2074&#8243; primary_title=&#8221;\u0218TEFAN LUPU &#8211; Coreographer&#8221; primary_align=&#8221;left&#8221; hover_title=&#8221;\u0218TEFAN LUPU &#8211; Coreographer&#8221; hover_align=&#8221;justify&#8221; shape=&#8221;square&#8221; hover_background_color=&#8221;custom&#8221; align=&#8221;left&#8221;][\/vc_hoverbox][\/mkdf_elements_holder_item][mkdf_elements_holder_item vertical_alignment=&#8221;bottom&#8221;][vc_hoverbox image=&#8221;2079&#8243; primary_title=&#8221;R\u0102ZVAN BORDO\u0218 &#8211; Stage design&#8221; primary_align=&#8221;left&#8221; hover_title=&#8221;R\u0102ZVAN BORDO\u0218 &#8211; Stage design&#8221; hover_align=&#8221;justify&#8221; shape=&#8221;square&#8221; hover_background_color=&#8221;custom&#8221; align=&#8221;left&#8221;][\/vc_hoverbox][\/mkdf_elements_holder_item][mkdf_elements_holder_item vertical_alignment=&#8221;bottom&#8221;][vc_hoverbox image=&#8221;2070&#8243; primary_title=&#8221;MIHAI DOBRE &#8211; Sound&#8221; primary_align=&#8221;left&#8221; hover_title=&#8221;MIHAI DOBRE &#8211; Sound&#8221; hover_align=&#8221;justify&#8221; shape=&#8221;square&#8221; hover_background_color=&#8221;custom&#8221; align=&#8221;left&#8221;][\/vc_hoverbox][\/mkdf_elements_holder_item][mkdf_elements_holder_item vertical_alignment=&#8221;bottom&#8221;][vc_hoverbox image=&#8221;2077&#8243; primary_title=&#8221;ALEXANDRU MATIOS &#8211; Light design&#8221; primary_align=&#8221;left&#8221; hover_title=&#8221;ALEXANDRU MATIOS &#8211; Light design&#8221; hover_align=&#8221;justify&#8221; shape=&#8221;square&#8221; hover_background_color=&#8221;custom&#8221; align=&#8221;left&#8221;][\/vc_hoverbox][\/mkdf_elements_holder_item][mkdf_elements_holder_item vertical_alignment=&#8221;bottom&#8221;][vc_hoverbox image=&#8221;2064&#8243; primary_title=&#8221;CRISTINA MILEA &#8211; Stage design&#8221; primary_align=&#8221;left&#8221; hover_title=&#8221;CRISTINA MILEA &#8211; Stage design&#8221; hover_align=&#8221;justify&#8221; shape=&#8221;square&#8221; hover_background_color=&#8221;custom&#8221; align=&#8221;left&#8221;][\/vc_hoverbox][\/mkdf_elements_holder_item][mkdf_elements_holder_item vertical_alignment=&#8221;bottom&#8221;][vc_hoverbox image=&#8221;2062&#8243; primary_title=&#8221;BOBI PRICOP &#8211; Director&#8221; primary_align=&#8221;left&#8221; hover_title=&#8221;BOBI PRICOP &#8211; Director&#8221; hover_align=&#8221;justify&#8221; shape=&#8221;square&#8221; hover_background_color=&#8221;custom&#8221; align=&#8221;left&#8221;][\/vc_hoverbox][\/mkdf_elements_holder_item][mkdf_elements_holder_item vertical_alignment=&#8221;bottom&#8221;][vc_hoverbox image=&#8221;2060&#8243; primary_title=&#8221;ANDREEA BOR\u021aUN &#8211; Playwright&#8221; primary_align=&#8221;left&#8221; hover_title=&#8221;ANDREEA BOR\u021aUN &#8211; Playwright&#8221; hover_align=&#8221;justify&#8221; shape=&#8221;square&#8221; hover_background_color=&#8221;custom&#8221; align=&#8221;left&#8221;][\/vc_hoverbox][\/mkdf_elements_holder_item][mkdf_elements_holder_item vertical_alignment=&#8221;bottom&#8221;][vc_hoverbox image=&#8221;2057&#8243; primary_title=&#8221;ADELINE ANDREEA B\u0102DESCU &#8211; Stage design&#8221; primary_align=&#8221;left&#8221; hover_title=&#8221;ADELINE ANDREEA B\u0102DESCU &#8211; Stage design&#8221; hover_align=&#8221;justify&#8221; shape=&#8221;square&#8221; hover_background_color=&#8221;custom&#8221; align=&#8221;left&#8221;][\/vc_hoverbox][\/mkdf_elements_holder_item][\/mkdf_elements_holder][\/mkdf_tabs_item][mkdf_tabs_item tab_title=&#8221;Team&#8221;][mkdf_elements_holder holder_full_height=&#8221;no&#8221; holder_border=&#8221;no&#8221; number_of_columns=&#8221;three-columns&#8221; items_float_left=&#8221;yes&#8221; switch_to_one_column=&#8221;1024&#8243; alignment_one_column=&#8221;left&#8221;][mkdf_elements_holder_item][vc_hoverbox image=&#8221;2072&#8243; primary_title=&#8221;LIVIU ROMANESCU &#8211; Co-founder, Actor &amp; Producer&#8221; primary_align=&#8221;left&#8221; hover_title=&#8221;LIVIU ROMANESCU &#8211; Co-founder, Actor &amp; Producer&#8221; hover_align=&#8221;justify&#8221; shape=&#8221;square&#8221; hover_background_color=&#8221;custom&#8221; align=&#8221;left&#8221;][\/vc_hoverbox][\/mkdf_elements_holder_item][mkdf_elements_holder_item vertical_alignment=&#8221;bottom&#8221;][vc_hoverbox image=&#8221;2665&#8243; primary_title=&#8221;Crissy O&#8217;Donovan &#8211; Co-founder, Actor &amp; Producer&#8221; primary_align=&#8221;left&#8221; hover_title=&#8221;Crissy O&#8217;Donovan &#8211; Co-founder, Actor &amp; Producer&#8221; hover_align=&#8221;left&#8221; shape=&#8221;square&#8221; hover_background_color=&#8221;custom&#8221; align=&#8221;left&#8221;][\/vc_hoverbox][\/mkdf_elements_holder_item][mkdf_elements_holder_item vertical_alignment=&#8221;bottom&#8221;][vc_hoverbox image=&#8221;2081&#8243; primary_title=&#8221;SILVANA FR\u00ceNCULESCU &#8211; Graphic design&#8221; primary_align=&#8221;left&#8221; hover_title=&#8221;SILVANA FR\u00ceNCULESCU &#8211; Graphic design&#8221; hover_align=&#8221;justify&#8221; shape=&#8221;square&#8221; hover_background_color=&#8221;custom&#8221; align=&#8221;left&#8221;][\/vc_hoverbox][\/mkdf_elements_holder_item][mkdf_elements_holder_item vertical_alignment=&#8221;bottom&#8221;][vc_hoverbox image=&#8221;2065&#8243; primary_title=&#8221;DENISA NICOLAE &#8211; Actor &amp; Producer&#8221; primary_align=&#8221;left&#8221; hover_title=&#8221;DENISA NICOLAE &#8211; Actor &amp; Producer&#8221; hover_align=&#8221;justify&#8221; shape=&#8221;square&#8221; hover_background_color=&#8221;custom&#8221; align=&#8221;left&#8221;][\/vc_hoverbox][\/mkdf_elements_holder_item][mkdf_elements_holder_item vertical_alignment=&#8221;bottom&#8221;][vc_hoverbox image=&#8221;2101&#8243; primary_title=&#8221;GEORGIANA PLE\u0218OIANU &#8211; Communication&#8221; primary_align=&#8221;left&#8221; hover_title=&#8221;GEORGIANA PLE\u0218OIANU &#8211; Communication&#8221; hover_align=&#8221;justify&#8221; shape=&#8221;square&#8221; hover_background_color=&#8221;custom&#8221; align=&#8221;left&#8221;][\/vc_hoverbox][\/mkdf_elements_holder_item][mkdf_elements_holder_item][vc_hoverbox image=&#8221;2063&#8243; primary_title=&#8221;CARMEN DUMITRESCU &#8211; Project manager&#8221; primary_align=&#8221;left&#8221; hover_title=&#8221;CARMEN DUMITRESCU &#8211; Project manager&#8221; hover_align=&#8221;justify&#8221; shape=&#8221;square&#8221; hover_background_color=&#8221;custom&#8221; align=&#8221;left&#8221;][\/vc_hoverbox][\/mkdf_elements_holder_item][mkdf_elements_holder_item][vc_hoverbox image=&#8221;2068&#8243; primary_title=&#8221;M\u0102D\u0102LINA POP &#8211; Communication&#8221; primary_align=&#8221;left&#8221; hover_title=&#8221;M\u0102D\u0102LINA POP &#8211; Communication&#8221; hover_align=&#8221;justify&#8221; shape=&#8221;square&#8221; hover_background_color=&#8221;custom&#8221; align=&#8221;left&#8221;][\/vc_hoverbox][\/mkdf_elements_holder_item][\/mkdf_elements_holder][\/mkdf_tabs_item][mkdf_tabs_item tab_title=&#8221;Collaborators&#8221;][mkdf_elements_holder holder_full_height=&#8221;no&#8221; holder_border=&#8221;no&#8221; number_of_columns=&#8221;three-columns&#8221; switch_to_one_column=&#8221;1024&#8243; alignment_one_column=&#8221;left&#8221;][mkdf_elements_holder_item vertical_alignment=&#8221;bottom&#8221;][vc_hoverbox image=&#8221;2058&#8243; primary_title=&#8221;ALINA DUMITRACHE &#8211; Project manager&#8221; primary_align=&#8221;left&#8221; hover_title=&#8221;ALINA DUMITRACHE &#8211; Project manager&#8221; hover_align=&#8221;justify&#8221; shape=&#8221;square&#8221; hover_background_color=&#8221;custom&#8221; align=&#8221;left&#8221;][\/vc_hoverbox][\/mkdf_elements_holder_item][mkdf_elements_holder_item vertical_alignment=&#8221;bottom&#8221;][vc_hoverbox image=&#8221;2059&#8243; primary_title=&#8221;ANCA PURDEL &#8211; Sponsorship coordinator&#8221; primary_align=&#8221;left&#8221; hover_title=&#8221;ANCA PURDEL &#8211; Sponsorship coordinator&#8221; hover_align=&#8221;justify&#8221; shape=&#8221;square&#8221; hover_background_color=&#8221;custom&#8221; align=&#8221;left&#8221;][\/vc_hoverbox][\/mkdf_elements_holder_item][mkdf_elements_holder_item vertical_alignment=&#8221;bottom&#8221;][vc_hoverbox image=&#8221;2061&#8243; primary_title=&#8221;ANDU RU\u0218CAN &#8211; Project manager&#8221; primary_align=&#8221;left&#8221; hover_title=&#8221;ANDU RU\u0218CAN &#8211; Project manager&#8221; hover_align=&#8221;justify&#8221; shape=&#8221;square&#8221; hover_background_color=&#8221;custom&#8221; align=&#8221;left&#8221;][\/vc_hoverbox][\/mkdf_elements_holder_item][\/mkdf_elements_holder][\/mkdf_tabs_item][mkdf_tabs_item tab_title=&#8221;Partners&#8221;][mkdf_elements_holder holder_full_height=&#8221;no&#8221; holder_border=&#8221;no&#8221; number_of_columns=&#8221;three-columns&#8221; items_float_left=&#8221;yes&#8221; switch_to_one_column=&#8221;1024&#8243; alignment_one_column=&#8221;left&#8221;][mkdf_elements_holder_item vertical_alignment=&#8221;bottom&#8221;][vc_hoverbox image=&#8221;2117&#8243; primary_title=&#8221;&#8221; primary_align=&#8221;left&#8221; hover_align=&#8221;justify&#8221; shape=&#8221;square&#8221; hover_background_color=&#8221;custom&#8221; align=&#8221;left&#8221;][\/vc_hoverbox][\/mkdf_elements_holder_item][mkdf_elements_holder_item vertical_alignment=&#8221;bottom&#8221;][vc_hoverbox image=&#8221;2115&#8243; primary_title=&#8221;&#8221; primary_align=&#8221;left&#8221; hover_align=&#8221;justify&#8221; shape=&#8221;square&#8221; hover_background_color=&#8221;custom&#8221; align=&#8221;left&#8221;][\/vc_hoverbox][\/mkdf_elements_holder_item][mkdf_elements_holder_item vertical_alignment=&#8221;bottom&#8221;][vc_hoverbox image=&#8221;2114&#8243; primary_title=&#8221;&#8221; primary_align=&#8221;left&#8221; hover_align=&#8221;justify&#8221; shape=&#8221;square&#8221; hover_background_color=&#8221;custom&#8221; align=&#8221;left&#8221;][\/vc_hoverbox][\/mkdf_elements_holder_item][mkdf_elements_holder_item vertical_alignment=&#8221;bottom&#8221;][vc_hoverbox image=&#8221;2113&#8243; primary_title=&#8221;&#8221; primary_align=&#8221;left&#8221; hover_align=&#8221;justify&#8221; shape=&#8221;square&#8221; hover_background_color=&#8221;custom&#8221; align=&#8221;left&#8221;][\/vc_hoverbox][\/mkdf_elements_holder_item][mkdf_elements_holder_item vertical_alignment=&#8221;bottom&#8221;][vc_hoverbox image=&#8221;2111&#8243; primary_title=&#8221;&#8221; primary_align=&#8221;left&#8221; hover_align=&#8221;justify&#8221; shape=&#8221;square&#8221; hover_background_color=&#8221;custom&#8221; align=&#8221;left&#8221;][\/vc_hoverbox][\/mkdf_elements_holder_item][mkdf_elements_holder_item vertical_alignment=&#8221;bottom&#8221;][vc_hoverbox image=&#8221;2109&#8243; primary_title=&#8221;&#8221; primary_align=&#8221;left&#8221; hover_align=&#8221;justify&#8221; shape=&#8221;square&#8221; hover_background_color=&#8221;custom&#8221; align=&#8221;left&#8221;][\/vc_hoverbox][\/mkdf_elements_holder_item][mkdf_elements_holder_item vertical_alignment=&#8221;bottom&#8221;][vc_hoverbox image=&#8221;2108&#8243; primary_title=&#8221;&#8221; primary_align=&#8221;left&#8221; hover_align=&#8221;justify&#8221; shape=&#8221;square&#8221; hover_background_color=&#8221;custom&#8221; align=&#8221;left&#8221;][\/vc_hoverbox][\/mkdf_elements_holder_item][mkdf_elements_holder_item vertical_alignment=&#8221;bottom&#8221;][vc_hoverbox image=&#8221;2116&#8243; primary_title=&#8221;&#8221; primary_align=&#8221;left&#8221; hover_align=&#8221;justify&#8221; shape=&#8221;square&#8221; hover_background_color=&#8221;custom&#8221; align=&#8221;left&#8221;][\/vc_hoverbox][\/mkdf_elements_holder_item][\/mkdf_elements_holder][\/mkdf_tabs_item][\/mkdf_tabs][\/vc_column][\/vc_row]<\/p>","protected":false},"excerpt":{"rendered":"<p>[vc_row full_width=&#8221;stretch_row_content_no_spaces&#8221; full_height=&#8221;yes&#8221; columns_placement=&#8221;top&#8221; equal_height=&#8221;yes&#8221; parallax=&#8221;content-moving-fade&#8221; css_animation=&#8221;none&#8221;][vc_column parallax=&#8221;content-moving-fade&#8221; css_animation=&#8221;none&#8221;][mkdf_single_image enable_image_shadow=&#8221;no&#8221; image=&#8221;2036&#8243;][\/vc_column][\/vc_row][vc_row full_height=&#8221;yes&#8221; equal_height=&#8221;yes&#8221; parallax=&#8221;content-moving-fade&#8221; css_animation=&#8221;none&#8221;][vc_column parallax=&#8221;content-moving-fade&#8221; css_animation=&#8221;none&#8221;][vc_column_text] THE COLLECTIVE [\/vc_column_text][\/vc_column][vc_column parallax=&#8221;content-moving-fade&#8221; css_animation=&#8221;none&#8221; width=&#8221;1\/2&#8243; css=&#8221;.vc_custom_1591189630720{border-right-width: 1px !important;border-right-style: solid !important;border-radius: 1px !important;}&#8221;][vc_column_text] Vanner is a collective of independent theatre-makers from Romania and [&hellip;]<\/p>\n","protected":false},"author":2,"featured_media":0,"parent":1339,"menu_order":0,"comment_status":"closed","ping_status":"closed","template":"","meta":{"_acf_changed":false,"footnotes":""},"show-type":[],"team-member":[],"class_list":["post-1343","page","type-page","status-publish","hentry"],"acf":[],"_links":{"self":[{"href":"https:\/\/wearevanner.com\/fr\/wp-json\/wp\/v2\/pages\/1343","targetHints":{"allow":["GET"]}}],"collection":[{"href":"https:\/\/wearevanner.com\/fr\/wp-json\/wp\/v2\/pages"}],"about":[{"href":"https:\/\/wearevanner.com\/fr\/wp-json\/wp\/v2\/types\/page"}],"author":[{"embeddable":true,"href":"https:\/\/wearevanner.com\/fr\/wp-json\/wp\/v2\/users\/2"}],"replies":[{"embeddable":true,"href":"https:\/\/wearevanner.com\/fr\/wp-json\/wp\/v2\/comments?post=1343"}],"version-history":[{"count":80,"href":"https:\/\/wearevanner.com\/fr\/wp-json\/wp\/v2\/pages\/1343\/revisions"}],"predecessor-version":[{"id":1934,"href":"https:\/\/wearevanner.com\/fr\/wp-json\/wp\/v2\/pages\/1343\/revisions\/1934"}],"up":[{"embeddable":true,"href":"https:\/\/wearevanner.com\/fr\/wp-json\/wp\/v2\/pages\/1339"}],"wp:attachment":[{"href":"https:\/\/wearevanner.com\/fr\/wp-json\/wp\/v2\/media?parent=1343"}],"wp:term":[{"taxonomy":"show-type","embeddable":true,"href":"https:\/\/wearevanner.com\/fr\/wp-json\/wp\/v2\/show-type?post=1343"},{"taxonomy":"team-member","embeddable":true,"href":"https:\/\/wearevanner.com\/fr\/wp-json\/wp\/v2\/team-member?post=1343"}],"curies":[{"name":"wp","href":"https:\/\/api.w.org\/{rel}","templated":true}]}}