{"id":1345,"date":"2020-02-22T22:09:07","date_gmt":"2020-02-22T22:09:07","guid":{"rendered":"http:\/\/192.168.0.112\/?page_id=1345"},"modified":"2020-06-03T13:10:04","modified_gmt":"2020-06-03T13:10:04","slug":"cine-suntem","status":"publish","type":"page","link":"https:\/\/wearevanner.com\/fr\/despre-2\/despre-vanner\/cine-suntem\/","title":{"rendered":"Cine Suntem?"},"content":{"rendered":"<p>[vc_row full_width=&#8221;stretch_row_content_no_spaces&#8221; full_height=&#8221;yes&#8221; columns_placement=&#8221;top&#8221; parallax=&#8221;content-moving-fade&#8221;][vc_column parallax=&#8221;content-moving-fade&#8221; css_animation=&#8221;none&#8221;][vc_single_image image=&#8221;2036&#8243; img_size=&#8221;full&#8221; alignment=&#8221;center&#8221;][\/vc_column][\/vc_row][vc_row full_height=&#8221;yes&#8221; equal_height=&#8221;yes&#8221; parallax=&#8221;content-moving-fade&#8221; css=&#8221;.vc_custom_1590944027195{padding-top: 0px !important;padding-right: 0px !important;padding-bottom: 0px !important;padding-left: 0px !important;}&#8221;][vc_column parallax=&#8221;content-moving-fade&#8221; css_animation=&#8221;none&#8221;][vc_column_text]<\/p>\r\n<h3><strong>CINE SUNTEM ?<\/strong><\/h3>\r\n<p>[\/vc_column_text][\/vc_column][vc_column parallax=&#8221;content-moving-fade&#8221; css_animation=&#8221;none&#8221; width=&#8221;1\/2&#8243; css=&#8221;.vc_custom_1591189743043{border-right-width: 1px !important;border-right-style: solid !important;border-radius: 1px !important;}&#8221;][vc_column_text css=&#8221;.vc_custom_1590935024837{padding-top: 0px !important;padding-right: 0px !important;padding-bottom: 0px !important;padding-left: 0px !important;}&#8221;]<\/p>\r\n<p>Vanner este un colectiv de creatori de teatru din Rom\u00e2nia \u0219i Irlanda, format \u00een Marea Britanie, \u00een 2014.<\/p>\r\n<p>Cresc\u00e2nd idei \u0219i proiecte artistice inovatoare, le vorbim oamenilor prin intermediul unui teatru provocator, proasp\u0103t, actual, accesibil.<\/p>\r\n<p><!-- \/wp:post-content -->[\/vc_column_text][\/vc_column][vc_column parallax=&#8221;content-moving-fade&#8221; css_animation=&#8221;none&#8221; width=&#8221;1\/2&#8243; css=&#8221;.vc_custom_1591189756766{margin-left: 20px !important;}&#8221;][vc_column_text]<\/p>\r\n<p>Alegem teme disruptive, izol\u0103m povestea uman\u0103 \u0219i o \u00eempingem \u00een punctul cel mai crud \u0219i onest cu putin\u021b\u0103.\u00a0<!-- wp:paragraph -->Ne implic\u0103m \u00een cre\u0219terea gradului de con\u0219tientizare \u0219i ne dorim ca publicul s\u0103 devin\u0103 parte din comunitatea noastr\u0103, a celor afla\u021bi \u00eentr-un proces continuu de descoperire \u0219i redescoperire.<\/p>\r\n<p>[\/vc_column_text][\/vc_column][\/vc_row][vc_row full_height=&#8221;yes&#8221; parallax=&#8221;content-moving-fade&#8221;][vc_column parallax=&#8221;content-moving-fade&#8221; css_animation=&#8221;none&#8221;][vc_column_text]<\/p>\r\n<p><iframe title=\"We Are Vanner 2020\" src=\"https:\/\/player.vimeo.com\/video\/392299273?dnt=1&amp;app_id=122963\" width=\"1100\" height=\"619\" frameborder=\"0\" allow=\"autoplay; fullscreen\" allowfullscreen><\/iframe><\/p>\r\n<p>[\/vc_column_text][\/vc_column][\/vc_row][vc_row equal_height=&#8221;yes&#8221;][vc_column parallax=&#8221;content-moving-fade&#8221; css_animation=&#8221;none&#8221;][mkdf_tabs][mkdf_tabs_item tab_title=&#8221;Arti\u0219ti asocia\u021bi&#8221;][mkdf_elements_holder holder_full_height=&#8221;no&#8221; holder_border=&#8221;no&#8221; number_of_columns=&#8221;three-columns&#8221; items_float_left=&#8221;yes&#8221; switch_to_one_column=&#8221;1024&#8243; alignment_one_column=&#8221;left&#8221;][mkdf_elements_holder_item vertical_alignment=&#8221;bottom&#8221;][vc_hoverbox image=&#8221;2098&#8243; primary_title=&#8221;AUGUSTIN KREMSER &#8211; Actor&#8221; primary_align=&#8221;left&#8221; hover_title=&#8221;AUGUSTIN KREMSER &#8211; Actor&#8221; hover_align=&#8221;justify&#8221; shape=&#8221;square&#8221; hover_background_color=&#8221;custom&#8221; align=&#8221;left&#8221;][\/vc_hoverbox][\/mkdf_elements_holder_item][mkdf_elements_holder_item vertical_alignment=&#8221;bottom&#8221;][vc_hoverbox image=&#8221;2075&#8243; primary_title=&#8221;IULIA GRIGORIU &#8211; Regizor&#8221; primary_align=&#8221;left&#8221; hover_title=&#8221;IULIA GRIGORIU &#8211; Director&#8221; hover_align=&#8221;justify&#8221; shape=&#8221;square&#8221; hover_background_color=&#8221;custom&#8221; align=&#8221;left&#8221;][\/vc_hoverbox][\/mkdf_elements_holder_item][mkdf_elements_holder_item vertical_alignment=&#8221;bottom&#8221;][vc_hoverbox image=&#8221;2074&#8243; primary_title=&#8221;\u0218TEFAN LUPU &#8211; Coregraf&#8221; primary_align=&#8221;left&#8221; hover_title=&#8221;\u0218TEFAN LUPU &#8211; Coreograf&#8221; hover_align=&#8221;justify&#8221; shape=&#8221;square&#8221; hover_background_color=&#8221;custom&#8221; align=&#8221;left&#8221;][\/vc_hoverbox][\/mkdf_elements_holder_item][mkdf_elements_holder_item vertical_alignment=&#8221;bottom&#8221;][vc_hoverbox image=&#8221;2079&#8243; primary_title=&#8221;R\u0102ZVAN BORDO\u0218 &#8211; Scenograf&#8221; primary_align=&#8221;left&#8221; hover_title=&#8221;R\u0102ZVAN BORDO\u0218 &#8211; Scenograf&#8221; hover_align=&#8221;justify&#8221; shape=&#8221;square&#8221; hover_background_color=&#8221;custom&#8221; align=&#8221;left&#8221;][\/vc_hoverbox][\/mkdf_elements_holder_item][mkdf_elements_holder_item vertical_alignment=&#8221;bottom&#8221;][vc_hoverbox image=&#8221;2070&#8243; primary_title=&#8221;MIHAI DOBRE &#8211; Sunet&#8221; primary_align=&#8221;left&#8221; hover_title=&#8221;MIHAI DOBRE &#8211; Sunet&#8221; hover_align=&#8221;justify&#8221; shape=&#8221;square&#8221; hover_background_color=&#8221;custom&#8221; align=&#8221;left&#8221;][\/vc_hoverbox][\/mkdf_elements_holder_item][mkdf_elements_holder_item vertical_alignment=&#8221;bottom&#8221;][vc_hoverbox image=&#8221;2077&#8243; primary_title=&#8221;ALEXANDRU MATIOS &#8211; Lumini&#8221; primary_align=&#8221;left&#8221; hover_title=&#8221;ALEXANDRU MATIOS &#8211; Lumini&#8221; hover_align=&#8221;justify&#8221; shape=&#8221;square&#8221; hover_background_color=&#8221;custom&#8221; align=&#8221;left&#8221;][\/vc_hoverbox][\/mkdf_elements_holder_item][mkdf_elements_holder_item vertical_alignment=&#8221;bottom&#8221;][vc_hoverbox image=&#8221;2064&#8243; primary_title=&#8221;CRISTINA MILEA &#8211; Scenograf&#8221; primary_align=&#8221;left&#8221; hover_title=&#8221;CRISTINA MILEA &#8211; Scenograf&#8221; hover_align=&#8221;justify&#8221; shape=&#8221;square&#8221; hover_background_color=&#8221;custom&#8221; align=&#8221;left&#8221;][\/vc_hoverbox][\/mkdf_elements_holder_item][mkdf_elements_holder_item vertical_alignment=&#8221;bottom&#8221;][vc_hoverbox image=&#8221;2062&#8243; primary_title=&#8221;BOBI PRICOP &#8211; Regizor&#8221; primary_align=&#8221;left&#8221; hover_title=&#8221;BOBI PRICOP &#8211; Director&#8221; hover_align=&#8221;justify&#8221; shape=&#8221;square&#8221; hover_background_color=&#8221;custom&#8221; align=&#8221;left&#8221;][\/vc_hoverbox][\/mkdf_elements_holder_item][mkdf_elements_holder_item vertical_alignment=&#8221;bottom&#8221;][vc_hoverbox image=&#8221;2060&#8243; primary_title=&#8221;ANDREEA BOR\u021aUN &#8211; Dramaturg&#8221; primary_align=&#8221;left&#8221; hover_title=&#8221;ANDREEA BOR\u021aUN &#8211; Dramaturg&#8221; hover_align=&#8221;justify&#8221; shape=&#8221;square&#8221; hover_background_color=&#8221;custom&#8221; align=&#8221;left&#8221;][\/vc_hoverbox][\/mkdf_elements_holder_item][mkdf_elements_holder_item vertical_alignment=&#8221;bottom&#8221;][vc_hoverbox image=&#8221;2057&#8243; primary_title=&#8221;ADELINE ANDREEA B\u0102DESCU &#8211; Scenograf&#8221; primary_align=&#8221;left&#8221; hover_title=&#8221;ADELINE ANDREEA B\u0102DESCU &#8211; Scenograf&#8221; hover_align=&#8221;justify&#8221; shape=&#8221;square&#8221; hover_background_color=&#8221;custom&#8221; align=&#8221;left&#8221;][\/vc_hoverbox][\/mkdf_elements_holder_item][\/mkdf_elements_holder][\/mkdf_tabs_item][mkdf_tabs_item tab_title=&#8221;Organizare&#8221;][mkdf_elements_holder holder_full_height=&#8221;no&#8221; holder_border=&#8221;no&#8221; number_of_columns=&#8221;three-columns&#8221; items_float_left=&#8221;yes&#8221; switch_to_one_column=&#8221;1024&#8243; alignment_one_column=&#8221;left&#8221;][mkdf_elements_holder_item vertical_alignment=&#8221;bottom&#8221;][vc_hoverbox image=&#8221;2072&#8243; primary_title=&#8221;LIVIU ROMANESCU &#8211; Actor &amp; Produc\u0103tor&#8221; primary_align=&#8221;left&#8221; hover_title=&#8221;LIVIU ROMANESCU &#8211; Actor &amp; Produc\u0103tor&#8221; hover_align=&#8221;justify&#8221; shape=&#8221;square&#8221; hover_background_color=&#8221;custom&#8221; align=&#8221;left&#8221;][\/vc_hoverbox][\/mkdf_elements_holder_item][mkdf_elements_holder_item vertical_alignment=&#8221;bottom&#8221;][vc_hoverbox image=&#8221;2081&#8243; primary_title=&#8221;SILVANA FR\u00ceNCULESCU &#8211; Grafic\u0103&#8221; primary_align=&#8221;left&#8221; hover_title=&#8221;SILVANA FR\u00ceNCULESCU &#8211; Grafic\u0103&#8221; hover_align=&#8221;justify&#8221; shape=&#8221;square&#8221; hover_background_color=&#8221;custom&#8221; align=&#8221;left&#8221;][\/vc_hoverbox][\/mkdf_elements_holder_item][mkdf_elements_holder_item vertical_alignment=&#8221;bottom&#8221;][vc_hoverbox image=&#8221;2065&#8243; primary_title=&#8221;DENISA NICOLAE &#8211; Actor &amp; Produc\u0103tor&#8221; primary_align=&#8221;left&#8221; hover_title=&#8221;DENISA NICOLAE &#8211; Actor &amp; Produc\u0103tor&#8221; hover_align=&#8221;justify&#8221; shape=&#8221;square&#8221; hover_background_color=&#8221;custom&#8221; align=&#8221;left&#8221;][\/vc_hoverbox][\/mkdf_elements_holder_item][mkdf_elements_holder_item vertical_alignment=&#8221;bottom&#8221;][vc_hoverbox image=&#8221;2101&#8243; primary_title=&#8221;GEORGIANA PLE\u0218OIANU &#8211; Comunicare&#8221; primary_align=&#8221;left&#8221; hover_title=&#8221;GEORGIANA PLE\u0218OIANU &#8211; Comunicare&#8221; hover_align=&#8221;justify&#8221; shape=&#8221;square&#8221; hover_background_color=&#8221;custom&#8221; align=&#8221;left&#8221;][\/vc_hoverbox][\/mkdf_elements_holder_item][mkdf_elements_holder_item][vc_hoverbox image=&#8221;2063&#8243; primary_title=&#8221;CARMEN DUMITRESCU &#8211; Manager proiecte&#8221; primary_align=&#8221;left&#8221; hover_title=&#8221;CARMEN DUMITRESCU &#8211; Manager proiecte&#8221; hover_align=&#8221;justify&#8221; shape=&#8221;square&#8221; hover_background_color=&#8221;custom&#8221; align=&#8221;left&#8221;][\/vc_hoverbox][\/mkdf_elements_holder_item][mkdf_elements_holder_item][vc_hoverbox image=&#8221;2068&#8243; primary_title=&#8221;M\u0102D\u0102LINA POP &#8211; Comunicare&#8221; primary_align=&#8221;left&#8221; hover_title=&#8221;M\u0102D\u0102LINA POP &#8211; Comunicare&#8221; hover_align=&#8221;justify&#8221; shape=&#8221;square&#8221; hover_background_color=&#8221;custom&#8221; align=&#8221;left&#8221;][\/vc_hoverbox][\/mkdf_elements_holder_item][\/mkdf_elements_holder][\/mkdf_tabs_item][mkdf_tabs_item tab_title=&#8221;Colaboratori&#8221;][mkdf_elements_holder holder_full_height=&#8221;no&#8221; holder_border=&#8221;no&#8221; number_of_columns=&#8221;three-columns&#8221; switch_to_one_column=&#8221;1024&#8243; alignment_one_column=&#8221;left&#8221;][mkdf_elements_holder_item vertical_alignment=&#8221;bottom&#8221;][vc_hoverbox image=&#8221;2061&#8243; primary_title=&#8221;ANDU RU\u0218CAN &#8211; Manager proiecte&#8221; primary_align=&#8221;left&#8221; hover_title=&#8221;ANDU RU\u0218CAN &#8211; Manager proiecte&#8221; hover_align=&#8221;justify&#8221; shape=&#8221;square&#8221; hover_background_color=&#8221;custom&#8221; align=&#8221;left&#8221;][\/vc_hoverbox][\/mkdf_elements_holder_item][mkdf_elements_holder_item vertical_alignment=&#8221;bottom&#8221;][vc_hoverbox image=&#8221;2059&#8243; primary_title=&#8221;ANCA PURDEL &#8211; Coordonator sponzoriz\u0103ri&#8221; primary_align=&#8221;left&#8221; hover_title=&#8221;ANCA PURDEL &#8211; Coordonator sponzoriz\u0103ri&#8221; hover_align=&#8221;justify&#8221; shape=&#8221;square&#8221; hover_background_color=&#8221;custom&#8221; align=&#8221;left&#8221;][\/vc_hoverbox][\/mkdf_elements_holder_item][mkdf_elements_holder_item vertical_alignment=&#8221;bottom&#8221;][vc_hoverbox image=&#8221;2058&#8243; primary_title=&#8221;ALINA DUMITRACHE &#8211; Manager proiecte&#8221; primary_align=&#8221;left&#8221; hover_title=&#8221;ALINA DUMITRACHE &#8211; Manager proiecte&#8221; hover_align=&#8221;justify&#8221; shape=&#8221;square&#8221; hover_background_color=&#8221;custom&#8221; align=&#8221;left&#8221;][\/vc_hoverbox][\/mkdf_elements_holder_item][\/mkdf_elements_holder][\/mkdf_tabs_item][mkdf_tabs_item tab_title=&#8221;Parteneri&#8221;][mkdf_elements_holder holder_full_height=&#8221;no&#8221; holder_border=&#8221;no&#8221; number_of_columns=&#8221;three-columns&#8221; items_float_left=&#8221;yes&#8221; switch_to_one_column=&#8221;1024&#8243; alignment_one_column=&#8221;left&#8221;][mkdf_elements_holder_item vertical_alignment=&#8221;bottom&#8221;][vc_hoverbox image=&#8221;2117&#8243; primary_title=&#8221;&#8221; primary_align=&#8221;left&#8221; hover_align=&#8221;justify&#8221; shape=&#8221;square&#8221; hover_background_color=&#8221;custom&#8221; align=&#8221;left&#8221;][\/vc_hoverbox][\/mkdf_elements_holder_item][mkdf_elements_holder_item vertical_alignment=&#8221;bottom&#8221;][vc_hoverbox image=&#8221;2115&#8243; primary_title=&#8221;&#8221; primary_align=&#8221;left&#8221; hover_align=&#8221;justify&#8221; shape=&#8221;square&#8221; hover_background_color=&#8221;custom&#8221; align=&#8221;left&#8221;][\/vc_hoverbox][\/mkdf_elements_holder_item][mkdf_elements_holder_item vertical_alignment=&#8221;bottom&#8221;][vc_hoverbox image=&#8221;2114&#8243; primary_title=&#8221;&#8221; primary_align=&#8221;left&#8221; hover_align=&#8221;justify&#8221; shape=&#8221;square&#8221; hover_background_color=&#8221;custom&#8221; align=&#8221;left&#8221;][\/vc_hoverbox][\/mkdf_elements_holder_item][mkdf_elements_holder_item vertical_alignment=&#8221;bottom&#8221;][vc_hoverbox image=&#8221;2113&#8243; primary_title=&#8221;&#8221; primary_align=&#8221;left&#8221; hover_align=&#8221;justify&#8221; shape=&#8221;square&#8221; hover_background_color=&#8221;custom&#8221; align=&#8221;left&#8221;][\/vc_hoverbox][\/mkdf_elements_holder_item][mkdf_elements_holder_item vertical_alignment=&#8221;bottom&#8221;][vc_hoverbox image=&#8221;2111&#8243; primary_title=&#8221;&#8221; primary_align=&#8221;left&#8221; hover_align=&#8221;justify&#8221; shape=&#8221;square&#8221; hover_background_color=&#8221;custom&#8221; align=&#8221;left&#8221;][\/vc_hoverbox][\/mkdf_elements_holder_item][mkdf_elements_holder_item vertical_alignment=&#8221;bottom&#8221;][vc_hoverbox image=&#8221;2109&#8243; primary_title=&#8221;&#8221; primary_align=&#8221;left&#8221; hover_align=&#8221;justify&#8221; shape=&#8221;square&#8221; hover_background_color=&#8221;custom&#8221; align=&#8221;left&#8221;][\/vc_hoverbox][\/mkdf_elements_holder_item][mkdf_elements_holder_item vertical_alignment=&#8221;bottom&#8221;][vc_hoverbox image=&#8221;2108&#8243; primary_title=&#8221;&#8221; primary_align=&#8221;left&#8221; hover_align=&#8221;justify&#8221; shape=&#8221;square&#8221; hover_background_color=&#8221;custom&#8221; align=&#8221;left&#8221;][\/vc_hoverbox][\/mkdf_elements_holder_item][mkdf_elements_holder_item vertical_alignment=&#8221;bottom&#8221;][vc_hoverbox image=&#8221;2116&#8243; primary_title=&#8221;&#8221; primary_align=&#8221;left&#8221; hover_align=&#8221;justify&#8221; shape=&#8221;square&#8221; hover_background_color=&#8221;custom&#8221; align=&#8221;left&#8221;][\/vc_hoverbox][\/mkdf_elements_holder_item][\/mkdf_elements_holder][\/mkdf_tabs_item][\/mkdf_tabs][\/vc_column][\/vc_row]<\/p>\r\n","protected":false},"excerpt":{"rendered":"<p>[vc_row full_width=&#8221;stretch_row_content_no_spaces&#8221; full_height=&#8221;yes&#8221; columns_placement=&#8221;top&#8221; parallax=&#8221;content-moving-fade&#8221;][vc_column parallax=&#8221;content-moving-fade&#8221; css_animation=&#8221;none&#8221;][vc_single_image image=&#8221;2036&#8243; img_size=&#8221;full&#8221; alignment=&#8221;center&#8221;][\/vc_column][\/vc_row][vc_row full_height=&#8221;yes&#8221; equal_height=&#8221;yes&#8221; parallax=&#8221;content-moving-fade&#8221; css=&#8221;.vc_custom_1590944027195{padding-top: 0px !important;padding-right: 0px !important;padding-bottom: 0px !important;padding-left: 0px !important;}&#8221;][vc_column parallax=&#8221;content-moving-fade&#8221; css_animation=&#8221;none&#8221;][vc_column_text] CINE SUNTEM ? [\/vc_column_text][\/vc_column][vc_column parallax=&#8221;content-moving-fade&#8221; css_animation=&#8221;none&#8221; width=&#8221;1\/2&#8243; css=&#8221;.vc_custom_1591189743043{border-right-width: 1px !important;border-right-style: solid !important;border-radius: 1px !important;}&#8221;][vc_column_text css=&#8221;.vc_custom_1590935024837{padding-top: 0px [&hellip;]<\/p>\n","protected":false},"author":2,"featured_media":0,"parent":1341,"menu_order":0,"comment_status":"closed","ping_status":"closed","template":"","meta":{"_acf_changed":false,"footnotes":""},"show-type":[],"team-member":[],"class_list":["post-1345","page","type-page","status-publish","hentry"],"acf":[],"_links":{"self":[{"href":"https:\/\/wearevanner.com\/fr\/wp-json\/wp\/v2\/pages\/1345","targetHints":{"allow":["GET"]}}],"collection":[{"href":"https:\/\/wearevanner.com\/fr\/wp-json\/wp\/v2\/pages"}],"about":[{"href":"https:\/\/wearevanner.com\/fr\/wp-json\/wp\/v2\/types\/page"}],"author":[{"embeddable":true,"href":"https:\/\/wearevanner.com\/fr\/wp-json\/wp\/v2\/users\/2"}],"replies":[{"embeddable":true,"href":"https:\/\/wearevanner.com\/fr\/wp-json\/wp\/v2\/comments?post=1345"}],"version-history":[{"count":36,"href":"https:\/\/wearevanner.com\/fr\/wp-json\/wp\/v2\/pages\/1345\/revisions"}],"predecessor-version":[{"id":1984,"href":"https:\/\/wearevanner.com\/fr\/wp-json\/wp\/v2\/pages\/1345\/revisions\/1984"}],"up":[{"embeddable":true,"href":"https:\/\/wearevanner.com\/fr\/wp-json\/wp\/v2\/pages\/1341"}],"wp:attachment":[{"href":"https:\/\/wearevanner.com\/fr\/wp-json\/wp\/v2\/media?parent=1345"}],"wp:term":[{"taxonomy":"show-type","embeddable":true,"href":"https:\/\/wearevanner.com\/fr\/wp-json\/wp\/v2\/show-type?post=1345"},{"taxonomy":"team-member","embeddable":true,"href":"https:\/\/wearevanner.com\/fr\/wp-json\/wp\/v2\/team-member?post=1345"}],"curies":[{"name":"wp","href":"https:\/\/api.w.org\/{rel}","templated":true}]}}