{"id":1464,"date":"2020-02-23T07:35:22","date_gmt":"2020-02-23T07:35:22","guid":{"rendered":"http:\/\/192.168.0.112\/?page_id=1464"},"modified":"2023-12-15T06:54:58","modified_gmt":"2023-12-15T06:54:58","slug":"old-lemons-lemons-lemons-lemons-lemons","status":"publish","type":"page","link":"https:\/\/wearevanner.com\/fr\/spectacole\/old-lemons-lemons-lemons-lemons-lemons\/","title":{"rendered":"OLD-LEMONS.LEMONS.LEMONS.LEMONS.LEMONS"},"content":{"rendered":"<p><strong>Qu'est-ce que c'est ?<\/strong>&nbsp;LEMONS. LEMONS. LEMONS. LEMONS. LEMONS by Sam Steiner (translated into Romanian by Denisa Nicolae &amp; Liviu Romanescu) A performance about people fighting against the invasion of their most intimate space, about riot, and resignation. In a world already controlled by gadgets, QR coded IDs, and social networks, how long until people will only be allowed to use a limited number of words?<\/p>\n\n\n\n<p>At the end of the day, how much do words counts? Because without words, what\u2019s left of us?<\/p>\n\n\n\n<p><strong>Qui ?<\/strong>\u00a0Denisa Nicolae (actor),  Liviu\u00a0Romanescu (actor), Iulia Grigoriu (director)<\/p>\n\n\n\n<p><strong>Situation actuelle ?&nbsp;<\/strong>R\u00e9sident&nbsp;<strong>at unteatru Theatre&nbsp; \u2013 Bucharest.&nbsp;<\/strong><\/p>\n\n\n\n<p><strong>Les billets peuvent \u00eatre achet\u00e9s \u00e0 l'adresse suivante<\/strong>&nbsp;https:\/\/eventbook.ro\/theater\/bilete-lemons-de-sam-steiner<\/p>","protected":false},"excerpt":{"rendered":"<p>What?&nbsp;LEMONS. LEMONS. LEMONS. LEMONS. LEMONS by Sam Steiner (translated into Romanian by Denisa Nicolae &amp; Liviu Romanescu) A performance about people fighting against the invasion of their most intimate space, about riot, and resignation. In a world already controlled by [&hellip;]<\/p>\n","protected":false},"author":2,"featured_media":1465,"parent":4084,"menu_order":0,"comment_status":"closed","ping_status":"closed","template":"full-width.php","meta":{"_acf_changed":false,"footnotes":""},"show-type":[],"team-member":[],"class_list":["post-1464","page","type-page","status-publish","has-post-thumbnail","hentry"],"acf":[],"_links":{"self":[{"href":"https:\/\/wearevanner.com\/fr\/wp-json\/wp\/v2\/pages\/1464","targetHints":{"allow":["GET"]}}],"collection":[{"href":"https:\/\/wearevanner.com\/fr\/wp-json\/wp\/v2\/pages"}],"about":[{"href":"https:\/\/wearevanner.com\/fr\/wp-json\/wp\/v2\/types\/page"}],"author":[{"embeddable":true,"href":"https:\/\/wearevanner.com\/fr\/wp-json\/wp\/v2\/users\/2"}],"replies":[{"embeddable":true,"href":"https:\/\/wearevanner.com\/fr\/wp-json\/wp\/v2\/comments?post=1464"}],"version-history":[{"count":2,"href":"https:\/\/wearevanner.com\/fr\/wp-json\/wp\/v2\/pages\/1464\/revisions"}],"predecessor-version":[{"id":5077,"href":"https:\/\/wearevanner.com\/fr\/wp-json\/wp\/v2\/pages\/1464\/revisions\/5077"}],"up":[{"embeddable":true,"href":"https:\/\/wearevanner.com\/fr\/wp-json\/wp\/v2\/pages\/4084"}],"wp:featuredmedia":[{"embeddable":true,"href":"https:\/\/wearevanner.com\/fr\/wp-json\/wp\/v2\/media\/1465"}],"wp:attachment":[{"href":"https:\/\/wearevanner.com\/fr\/wp-json\/wp\/v2\/media?parent=1464"}],"wp:term":[{"taxonomy":"show-type","embeddable":true,"href":"https:\/\/wearevanner.com\/fr\/wp-json\/wp\/v2\/show-type?post=1464"},{"taxonomy":"team-member","embeddable":true,"href":"https:\/\/wearevanner.com\/fr\/wp-json\/wp\/v2\/team-member?post=1464"}],"curies":[{"name":"wp","href":"https:\/\/api.w.org\/{rel}","templated":true}]}}