{"id":1467,"date":"2020-02-23T07:37:54","date_gmt":"2020-02-23T07:37:54","guid":{"rendered":"http:\/\/192.168.0.112\/?page_id=1467"},"modified":"2023-12-15T06:55:11","modified_gmt":"2023-12-15T06:55:11","slug":"old-lemons-lemons-lemons-lemons-lemons-2","status":"publish","type":"page","link":"https:\/\/wearevanner.com\/fr\/old-lemons-lemons-lemons-lemons-lemons-2\/","title":{"rendered":"OLD-2LEMONS.LEMONS.LEMONS.LEMONS.LEMONS"},"content":{"rendered":"<p>* \u00a0Co-produc\u021bie cu Unteatru. Detalii pe:\u00a0<a href=\"https:\/\/eventbook.ro\/theater\/bilete-lemons-de-sam-steiner\">https:\/\/eventbook.ro\/theater\/bilete-lemons-de-sam-steiner<\/a><\/p>\r\n\r\n\r\n\r\n<p>Un spectacol despre lupta oamenilor cu invadarea spa\u021biului cel mai intim, despre revolt\u0103 \u0219i resemnare.<\/p>\r\n\r\n\r\n\r\n<p>Deja controla\u021bi \u0219i monitoriza\u021bi prin gadgeturi, acte de identitate cu cod, re\u021bele sociale, c\u00e2t de departe suntem de limitarea dreptului de expresie prin cuv\u00e2nt?La finalul zilei, c\u00e2t\u0103 importan\u021b\u0103 d\u0103m cuvintelor? C\u0103ci, f\u0103r\u0103 limbaj, cine suntem?<\/p>\r\n\r\n\r\n\r\n<p>LEMONS. LEMONS. LEMONS. LEMONS. LEMONS<\/p>\r\n\r\n\r\n\r\n<p>de Sam Steiner<\/p>\r\n\r\n\r\n\r\n<p>Cu: Denisa Nicolae &amp; Liviu Romanescu<\/p>\r\n\r\n\r\n\r\n<p>Regia: Iulia Grigoriu<\/p>\r\n\r\n\r\n\r\n<p>Scenografia: R\u0103zvan Bordo\u0219<\/p>\r\n\r\n\r\n\r\n<p>Durata: 1h 30min<\/p>","protected":false},"excerpt":{"rendered":"<p>* \u00a0Co-produc\u021bie cu Unteatru. Detalii pe:\u00a0https:\/\/eventbook.ro\/theater\/bilete-lemons-de-sam-steiner Un spectacol despre lupta oamenilor cu invadarea spa\u021biului cel mai intim, despre revolt\u0103 \u0219i resemnare. Deja controla\u021bi \u0219i monitoriza\u021bi prin gadgeturi, acte de identitate cu cod, re\u021bele sociale, c\u00e2t de departe suntem de limitarea [&hellip;]<\/p>\n","protected":false},"author":2,"featured_media":1465,"parent":0,"menu_order":0,"comment_status":"closed","ping_status":"closed","template":"","meta":{"_acf_changed":false,"footnotes":""},"show-type":[],"team-member":[],"class_list":["post-1467","page","type-page","status-publish","has-post-thumbnail","hentry"],"acf":[],"_links":{"self":[{"href":"https:\/\/wearevanner.com\/fr\/wp-json\/wp\/v2\/pages\/1467","targetHints":{"allow":["GET"]}}],"collection":[{"href":"https:\/\/wearevanner.com\/fr\/wp-json\/wp\/v2\/pages"}],"about":[{"href":"https:\/\/wearevanner.com\/fr\/wp-json\/wp\/v2\/types\/page"}],"author":[{"embeddable":true,"href":"https:\/\/wearevanner.com\/fr\/wp-json\/wp\/v2\/users\/2"}],"replies":[{"embeddable":true,"href":"https:\/\/wearevanner.com\/fr\/wp-json\/wp\/v2\/comments?post=1467"}],"version-history":[{"count":3,"href":"https:\/\/wearevanner.com\/fr\/wp-json\/wp\/v2\/pages\/1467\/revisions"}],"predecessor-version":[{"id":5078,"href":"https:\/\/wearevanner.com\/fr\/wp-json\/wp\/v2\/pages\/1467\/revisions\/5078"}],"wp:featuredmedia":[{"embeddable":true,"href":"https:\/\/wearevanner.com\/fr\/wp-json\/wp\/v2\/media\/1465"}],"wp:attachment":[{"href":"https:\/\/wearevanner.com\/fr\/wp-json\/wp\/v2\/media?parent=1467"}],"wp:term":[{"taxonomy":"show-type","embeddable":true,"href":"https:\/\/wearevanner.com\/fr\/wp-json\/wp\/v2\/show-type?post=1467"},{"taxonomy":"team-member","embeddable":true,"href":"https:\/\/wearevanner.com\/fr\/wp-json\/wp\/v2\/team-member?post=1467"}],"curies":[{"name":"wp","href":"https:\/\/api.w.org\/{rel}","templated":true}]}}