{"id":1493,"date":"2020-02-23T08:15:55","date_gmt":"2020-02-23T08:15:55","guid":{"rendered":"http:\/\/192.168.0.112\/?page_id=1493"},"modified":"2020-02-23T08:54:26","modified_gmt":"2020-02-23T08:54:26","slug":"ashes-afar","status":"publish","type":"page","link":"https:\/\/wearevanner.com\/fr\/ashes-afar\/","title":{"rendered":"ASHES AFAR"},"content":{"rendered":"<p><strong>Qu'est-ce que c'est ?<\/strong>&nbsp;Un couple. Une valise. Un jeu perdu. Une m\u00e9moire qui joue des tours. Quand Aine perd la m\u00e9moire, Mikha\u00efl invente une th\u00e9rapie pour qu'elle la retrouve. Mais une th\u00e9rapie avec l'homme qu'on aime peut \u00eatre un dr\u00f4le de jeu. Que se passe-t-il quand les r\u00e8gles changent ? <\/p>\n\n\n\n<p>Ashes Afar aborde des th\u00e8mes socio-politiques avec un humour amer. <\/p>\n\n\n\n<p>Suivez la vie de ce jeune couple d'immigr\u00e9s dans une histoire fractur\u00e9e sur la m\u00e9moire, l'amour et la perte. <\/p>\n\n\n\n<p>Une collaboration roumano-irlandaise au Royaume-Uni.<\/p>\n\n\n\n<p><strong>Qui ?<\/strong> Crissy O\u2019 Donovan (acteur), Liviu Romanescu (acteur), Bobi Pricop (r\u00e9alisateur), Andreea Bor\u021bun (sc\u00e9nariste)<\/p>\n\n\n\n<p><strong>Actuellement :&nbsp;<\/strong>La premi\u00e8re de Ashes Afar a eu lieu au Festival Fringe d'\u00c9dimbourg en 2015.&nbsp;<a href=\"http:\/\/www.broadwaybaby.com\/shows\/ashes-afar\/707614\">revues<\/a> 5*. Il a tourn\u00e9 \u00e0 Undercloud 2015, Godot Cafe et Bucharest Fringe 2015, o\u00f9 il a re\u00e7u les prix de la meilleure production, de la meilleure pi\u00e8ce et de la meilleure actrice. <\/p>\n\n\n\n<p><strong>Projet soutenu par :<\/strong><\/p>\n\n\n\n<figure class=\"wp-block-image\"><a href=\"http:\/\/wearevanner.com\/wp-content\/uploads\/2015\/08\/sponsors_vanner.png\"><img decoding=\"async\" width=\"300\" height=\"59\" src=\"http:\/\/wearevanner.com\/wp-content\/uploads\/2015\/08\/sponsors_vanner-300x59.png\" alt=\"sponsors_vanner\" class=\"wp-image-1060\" srcset=\"https:\/\/wearevanner.com\/wp-content\/uploads\/2015\/08\/sponsors_vanner-300x59.png 300w, https:\/\/wearevanner.com\/wp-content\/uploads\/2015\/08\/sponsors_vanner-600x119.png 600w, https:\/\/wearevanner.com\/wp-content\/uploads\/2015\/08\/sponsors_vanner.png 763w\" sizes=\"(max-width: 300px) 100vw, 300px\" \/><\/a><\/figure>\n\n\n\n<p><\/p>\n\n\n\n<figure><iframe src=\"https:\/\/player.vimeo.com\/video\/122918361\" allowfullscreen=\"\"><\/iframe><\/figure>","protected":false},"excerpt":{"rendered":"<p>Ce?&nbsp;Un cuplu. O valiz\u0103. Un joc pierdut. O memorie care joac\u0103 feste. C\u00e2nd Aine \u00ee\u0219i pierde memoria, Mihail inventeaz\u0103 o form\u0103 de terapie pentru a o determina s\u0103 \u0219i-o recapete. Dar terapia cu omul pe care \u00eel iube\u0219ti poate fi [&hellip;]<\/p>\n","protected":false},"author":2,"featured_media":1491,"parent":0,"menu_order":0,"comment_status":"closed","ping_status":"closed","template":"","meta":{"_acf_changed":false,"footnotes":""},"show-type":[],"team-member":[],"class_list":["post-1493","page","type-page","status-publish","has-post-thumbnail","hentry"],"acf":[],"_links":{"self":[{"href":"https:\/\/wearevanner.com\/fr\/wp-json\/wp\/v2\/pages\/1493","targetHints":{"allow":["GET"]}}],"collection":[{"href":"https:\/\/wearevanner.com\/fr\/wp-json\/wp\/v2\/pages"}],"about":[{"href":"https:\/\/wearevanner.com\/fr\/wp-json\/wp\/v2\/types\/page"}],"author":[{"embeddable":true,"href":"https:\/\/wearevanner.com\/fr\/wp-json\/wp\/v2\/users\/2"}],"replies":[{"embeddable":true,"href":"https:\/\/wearevanner.com\/fr\/wp-json\/wp\/v2\/comments?post=1493"}],"version-history":[{"count":3,"href":"https:\/\/wearevanner.com\/fr\/wp-json\/wp\/v2\/pages\/1493\/revisions"}],"predecessor-version":[{"id":1809,"href":"https:\/\/wearevanner.com\/fr\/wp-json\/wp\/v2\/pages\/1493\/revisions\/1809"}],"wp:featuredmedia":[{"embeddable":true,"href":"https:\/\/wearevanner.com\/fr\/wp-json\/wp\/v2\/media\/1491"}],"wp:attachment":[{"href":"https:\/\/wearevanner.com\/fr\/wp-json\/wp\/v2\/media?parent=1493"}],"wp:term":[{"taxonomy":"show-type","embeddable":true,"href":"https:\/\/wearevanner.com\/fr\/wp-json\/wp\/v2\/show-type?post=1493"},{"taxonomy":"team-member","embeddable":true,"href":"https:\/\/wearevanner.com\/fr\/wp-json\/wp\/v2\/team-member?post=1493"}],"curies":[{"name":"wp","href":"https:\/\/api.w.org\/{rel}","templated":true}]}}