{"id":875,"date":"2015-03-24T15:06:29","date_gmt":"2015-03-24T13:06:29","guid":{"rendered":"http:\/\/wearevanner.com\/?page_id=875"},"modified":"2015-03-24T15:06:29","modified_gmt":"2015-03-24T13:06:29","slug":"prima-pagina","status":"publish","type":"page","link":"https:\/\/wearevanner.com\/fr\/prima-pagina\/","title":{"rendered":"prima pagina"},"content":{"rendered":"<p>Vanner este un colectiv de creatori independen\u021bi de teatru din&nbsp;Irlanda&nbsp;\u0219i Rom\u00e2nia. Pornit \u00een Marea Britanie \u00een 2014.<\/p>\n<p><iframe title=\"We Are Vanner 2020\" src=\"https:\/\/player.vimeo.com\/video\/392299273?dnt=1&amp;app_id=122963\" width=\"1100\" height=\"619\" frameborder=\"0\" allow=\"autoplay; fullscreen\" allowfullscreen><\/iframe><\/p>\n<p><span style=\"font-weight: 400;\">Cresc\u00e2nd idei \u0219i proiecte artistice inovatoare, le vorbim oamenilor prin intermediul unui teatru provocator, proasp\u0103t, actual, accesibil. Alegem teme disruptive, <\/span><span style=\"font-weight: 400;\">izol\u0103m povestea uman\u0103 \u0219i o \u00eempingem \u00een punctul cel mai crud \u0219i onest cu putin\u021b\u0103. <\/span><span style=\"font-weight: 400;\">Ne implic\u0103m \u00een cre\u0219terea gradului de con\u0219tientizare \u0219i ne dorim ca publicul s\u0103 devin\u0103 parte din comunitatea noastr\u0103, a celor afla\u021bi \u00eentr-un proces continuu de descoperire \u0219i redescoperire.<\/span><\/p>\n<p>[button url=&#8221;despre-noi&#8221;]iata echipa[\/button]<\/p>\n","protected":false},"excerpt":{"rendered":"<p>Vanner este un colectiv de creatori independen\u021bi de teatru din&nbsp;Irlanda&nbsp;\u0219i Rom\u00e2nia. Pornit \u00een Marea Britanie \u00een 2014. Cresc\u00e2nd idei \u0219i proiecte artistice inovatoare, le vorbim oamenilor prin intermediul unui teatru provocator, proasp\u0103t, actual, accesibil. Alegem teme disruptive, izol\u0103m povestea uman\u0103 [&hellip;]<\/p>\n","protected":false},"author":2,"featured_media":1273,"parent":0,"menu_order":2,"comment_status":"closed","ping_status":"closed","template":"page-templates\/template-home.php","meta":{"_acf_changed":false,"footnotes":""},"show-type":[],"team-member":[],"class_list":["post-875","page","type-page","status-publish","has-post-thumbnail","hentry"],"acf":[],"_links":{"self":[{"href":"https:\/\/wearevanner.com\/fr\/wp-json\/wp\/v2\/pages\/875","targetHints":{"allow":["GET"]}}],"collection":[{"href":"https:\/\/wearevanner.com\/fr\/wp-json\/wp\/v2\/pages"}],"about":[{"href":"https:\/\/wearevanner.com\/fr\/wp-json\/wp\/v2\/types\/page"}],"author":[{"embeddable":true,"href":"https:\/\/wearevanner.com\/fr\/wp-json\/wp\/v2\/users\/2"}],"replies":[{"embeddable":true,"href":"https:\/\/wearevanner.com\/fr\/wp-json\/wp\/v2\/comments?post=875"}],"version-history":[{"count":0,"href":"https:\/\/wearevanner.com\/fr\/wp-json\/wp\/v2\/pages\/875\/revisions"}],"wp:featuredmedia":[{"embeddable":true,"href":"https:\/\/wearevanner.com\/fr\/wp-json\/wp\/v2\/media\/1273"}],"wp:attachment":[{"href":"https:\/\/wearevanner.com\/fr\/wp-json\/wp\/v2\/media?parent=875"}],"wp:term":[{"taxonomy":"show-type","embeddable":true,"href":"https:\/\/wearevanner.com\/fr\/wp-json\/wp\/v2\/show-type?post=875"},{"taxonomy":"team-member","embeddable":true,"href":"https:\/\/wearevanner.com\/fr\/wp-json\/wp\/v2\/team-member?post=875"}],"curies":[{"name":"wp","href":"https:\/\/api.w.org\/{rel}","templated":true}]}}